{"id":2205,"date":"2024-08-27T10:04:02","date_gmt":"2024-08-27T08:04:02","guid":{"rendered":"https:\/\/enwarp.io\/por-industria\/"},"modified":"2024-10-30T11:33:13","modified_gmt":"2024-10-30T10:33:13","slug":"por-industria","status":"publish","type":"page","link":"https:\/\/enwarp.io\/es\/por-industria\/","title":{"rendered":"Por Industria"},"content":{"rendered":"","protected":false},"excerpt":{"rendered":"","protected":false},"author":1,"featured_media":0,"parent":0,"menu_order":8,"comment_status":"closed","ping_status":"closed","template":"","meta":{"_acf_changed":false,"footnotes":""},"class_list":["post-2205","page","type-page","status-publish","hentry"],"acf":[],"yoast_head":"<!-- This site is optimized with the Yoast SEO plugin v27.3 - https:\/\/yoast.com\/product\/yoast-seo-wordpress\/ -->\n<title>enwarp - soluciones digitales para el sector energ\u00e9tico<\/title>\n<meta name=\"description\" content=\"Descubre c\u00f3mo enwarp puede transformar tu negocio energ\u00e9tico con soluciones innovadoras.\" \/>\n<meta name=\"robots\" content=\"index, follow, max-snippet:-1, max-image-preview:large, max-video-preview:-1\" \/>\n<link rel=\"canonical\" href=\"https:\/\/enwarp.io\/es\/por-industria\/\" \/>\n<meta property=\"og:locale\" content=\"es_ES\" \/>\n<meta property=\"og:type\" content=\"article\" \/>\n<meta property=\"og:title\" content=\"enwarp - soluciones digitales para el sector energ\u00e9tico\" \/>\n<meta property=\"og:description\" content=\"Descubre c\u00f3mo enwarp puede transformar tu negocio energ\u00e9tico con soluciones innovadoras.\" \/>\n<meta property=\"og:url\" content=\"https:\/\/enwarp.io\/es\/por-industria\/\" \/>\n<meta property=\"og:site_name\" content=\"enwarp.io\" \/>\n<meta property=\"article:modified_time\" content=\"2024-10-30T10:33:13+00:00\" \/>\n<meta name=\"twitter:card\" content=\"summary_large_image\" \/>\n<script type=\"application\/ld+json\" class=\"yoast-schema-graph\">{\"@context\":\"https:\\\/\\\/schema.org\",\"@graph\":[{\"@type\":\"WebPage\",\"@id\":\"https:\\\/\\\/enwarp.io\\\/es\\\/por-industria\\\/\",\"url\":\"https:\\\/\\\/enwarp.io\\\/es\\\/por-industria\\\/\",\"name\":\"enwarp - soluciones digitales para el sector energ\u00e9tico\",\"isPartOf\":{\"@id\":\"https:\\\/\\\/enwarp.io\\\/es\\\/#website\"},\"datePublished\":\"2024-08-27T08:04:02+00:00\",\"dateModified\":\"2024-10-30T10:33:13+00:00\",\"description\":\"Descubre c\u00f3mo enwarp puede transformar tu negocio energ\u00e9tico con soluciones innovadoras.\",\"breadcrumb\":{\"@id\":\"https:\\\/\\\/enwarp.io\\\/es\\\/por-industria\\\/#breadcrumb\"},\"inLanguage\":\"es\",\"potentialAction\":[{\"@type\":\"ReadAction\",\"target\":[\"https:\\\/\\\/enwarp.io\\\/es\\\/por-industria\\\/\"]}]},{\"@type\":\"BreadcrumbList\",\"@id\":\"https:\\\/\\\/enwarp.io\\\/es\\\/por-industria\\\/#breadcrumb\",\"itemListElement\":[{\"@type\":\"ListItem\",\"position\":1,\"name\":\"Startseite\",\"item\":\"https:\\\/\\\/enwarp.io\\\/es\\\/\"},{\"@type\":\"ListItem\",\"position\":2,\"name\":\"Por Industria\"}]},{\"@type\":\"WebSite\",\"@id\":\"https:\\\/\\\/enwarp.io\\\/es\\\/#website\",\"url\":\"https:\\\/\\\/enwarp.io\\\/es\\\/\",\"name\":\"enwarp.io\",\"description\":\"\",\"potentialAction\":[{\"@type\":\"SearchAction\",\"target\":{\"@type\":\"EntryPoint\",\"urlTemplate\":\"https:\\\/\\\/enwarp.io\\\/es\\\/?s={search_term_string}\"},\"query-input\":{\"@type\":\"PropertyValueSpecification\",\"valueRequired\":true,\"valueName\":\"search_term_string\"}}],\"inLanguage\":\"es\"}]}<\/script>\n<!-- \/ Yoast SEO plugin. -->","yoast_head_json":{"title":"enwarp - soluciones digitales para el sector energ\u00e9tico","description":"Descubre c\u00f3mo enwarp puede transformar tu negocio energ\u00e9tico con soluciones innovadoras.","robots":{"index":"index","follow":"follow","max-snippet":"max-snippet:-1","max-image-preview":"max-image-preview:large","max-video-preview":"max-video-preview:-1"},"canonical":"https:\/\/enwarp.io\/es\/por-industria\/","og_locale":"es_ES","og_type":"article","og_title":"enwarp - soluciones digitales para el sector energ\u00e9tico","og_description":"Descubre c\u00f3mo enwarp puede transformar tu negocio energ\u00e9tico con soluciones innovadoras.","og_url":"https:\/\/enwarp.io\/es\/por-industria\/","og_site_name":"enwarp.io","article_modified_time":"2024-10-30T10:33:13+00:00","twitter_card":"summary_large_image","schema":{"@context":"https:\/\/schema.org","@graph":[{"@type":"WebPage","@id":"https:\/\/enwarp.io\/es\/por-industria\/","url":"https:\/\/enwarp.io\/es\/por-industria\/","name":"enwarp - soluciones digitales para el sector energ\u00e9tico","isPartOf":{"@id":"https:\/\/enwarp.io\/es\/#website"},"datePublished":"2024-08-27T08:04:02+00:00","dateModified":"2024-10-30T10:33:13+00:00","description":"Descubre c\u00f3mo enwarp puede transformar tu negocio energ\u00e9tico con soluciones innovadoras.","breadcrumb":{"@id":"https:\/\/enwarp.io\/es\/por-industria\/#breadcrumb"},"inLanguage":"es","potentialAction":[{"@type":"ReadAction","target":["https:\/\/enwarp.io\/es\/por-industria\/"]}]},{"@type":"BreadcrumbList","@id":"https:\/\/enwarp.io\/es\/por-industria\/#breadcrumb","itemListElement":[{"@type":"ListItem","position":1,"name":"Startseite","item":"https:\/\/enwarp.io\/es\/"},{"@type":"ListItem","position":2,"name":"Por Industria"}]},{"@type":"WebSite","@id":"https:\/\/enwarp.io\/es\/#website","url":"https:\/\/enwarp.io\/es\/","name":"enwarp.io","description":"","potentialAction":[{"@type":"SearchAction","target":{"@type":"EntryPoint","urlTemplate":"https:\/\/enwarp.io\/es\/?s={search_term_string}"},"query-input":{"@type":"PropertyValueSpecification","valueRequired":true,"valueName":"search_term_string"}}],"inLanguage":"es"}]}},"_links":{"self":[{"href":"https:\/\/enwarp.io\/es\/wp-json\/wp\/v2\/pages\/2205","targetHints":{"allow":["GET"]}}],"collection":[{"href":"https:\/\/enwarp.io\/es\/wp-json\/wp\/v2\/pages"}],"about":[{"href":"https:\/\/enwarp.io\/es\/wp-json\/wp\/v2\/types\/page"}],"author":[{"embeddable":true,"href":"https:\/\/enwarp.io\/es\/wp-json\/wp\/v2\/users\/1"}],"replies":[{"embeddable":true,"href":"https:\/\/enwarp.io\/es\/wp-json\/wp\/v2\/comments?post=2205"}],"version-history":[{"count":1,"href":"https:\/\/enwarp.io\/es\/wp-json\/wp\/v2\/pages\/2205\/revisions"}],"predecessor-version":[{"id":2343,"href":"https:\/\/enwarp.io\/es\/wp-json\/wp\/v2\/pages\/2205\/revisions\/2343"}],"wp:attachment":[{"href":"https:\/\/enwarp.io\/es\/wp-json\/wp\/v2\/media?parent=2205"}],"curies":[{"name":"wp","href":"https:\/\/api.w.org\/{rel}","templated":true}]}}