{"id":2105,"date":"2024-08-27T11:33:03","date_gmt":"2024-08-27T09:33:03","guid":{"rendered":"https:\/\/enwarp.io\/carrera-profesional\/"},"modified":"2025-09-18T12:06:48","modified_gmt":"2025-09-18T10:06:48","slug":"carrera-profesional","status":"publish","type":"page","link":"https:\/\/enwarp.io\/es\/carrera-profesional\/","title":{"rendered":"Carrera profesional"},"content":{"rendered":"\n<div class=\"wp-block-columns alignfull hero hero--image-right is-layout-flex wp-container-core-columns-is-layout-572af27d wp-block-columns-is-layout-flex\">\n<div class=\"wp-block-column is-vertically-aligned-center is-layout-flow wp-block-column-is-layout-flow\" style=\"padding-top:0;padding-right:2.5vw;padding-bottom:var(--wp--preset--spacing--xxhuge);padding-left:2.5vw;flex-basis:50%\">\n<div class=\"wp-block-group has-global-padding is-layout-constrained wp-block-group-is-layout-constrained\">\n<p class=\"has-brand-main-color has-text-color has-link-color has-poppins-font-family has-base-font-size wp-elements-4aa0527fa9e0d4b7912e6bd26c3e857f\" style=\"margin-top:0;margin-bottom:var(--wp--preset--spacing--xxsmall);font-style:normal;font-weight:400;letter-spacing:0.5px;text-transform:uppercase\">Vacantes<\/p>\n\n\n\n<h1 class=\"wp-block-heading\" style=\"margin-top:0;margin-bottom:0;padding-right:calc(100% - 20ch)\">\u00a1Acelera tu carrera con enwarp!<\/h1>\n<\/div>\n\n\n\n<p class=\"\">\u00a1La diversidad y la pasi\u00f3n cuentan con nosotros! Somos un equipo joven y din\u00e1mico que quiere contribuir decisivamente a la transici\u00f3n energ\u00e9tica en Europa. Nuestro objetivo es acortar y digitalizar los procesos y hacer m\u00e1s sencillo y transparente el uso de potenciales energ\u00e9ticos como los sistemas fotovoltaicos de autoconsumo.<\/p>\n\n\n\n<div class=\"wp-block-buttons is-layout-flex wp-block-buttons-is-layout-flex\" style=\"margin-top:var(--wp--preset--spacing--medium)\">\n<div class=\"wp-block-button\"><a class=\"wp-block-button__link wp-element-button\" href=\"#jobs\">Ver nuestras ofertas de empleo<\/a><\/div>\n<\/div>\n<\/div>\n\n\n\n<div class=\"wp-block-column is-layout-flow wp-block-column-is-layout-flow\" style=\"flex-basis:50%\">\n<div class=\"wp-block-cover is-light\" style=\"min-height:100vh;aspect-ratio:unset;\"><span aria-hidden=\"true\" class=\"wp-block-cover__background has-background-dim-0 has-background-dim\" style=\"background-color:#999d92\"><\/span><img loading=\"lazy\" decoding=\"async\" width=\"1146\" height=\"1528\" class=\"wp-block-cover__image-background wp-image-1987\" alt=\"\" src=\"https:\/\/enwarp.io\/wp-content\/uploads\/sites\/2\/2024\/10\/DSF7095.jpg\" data-object-fit=\"cover\" srcset=\"https:\/\/enwarp.io\/wp-content\/uploads\/sites\/2\/2024\/10\/DSF7095.jpg 1146w, https:\/\/enwarp.io\/wp-content\/uploads\/sites\/2\/2024\/10\/DSF7095-225x300.jpg 225w, https:\/\/enwarp.io\/wp-content\/uploads\/sites\/2\/2024\/10\/DSF7095-768x1024.jpg 768w\" sizes=\"auto, (max-width: 1146px) 100vw, 1146px\" \/><div class=\"wp-block-cover__inner-container is-layout-flow wp-block-cover-is-layout-flow\">\n<p class=\"has-text-align-center has-large-font-size\"><\/p>\n<\/div><\/div>\n<\/div>\n<\/div>\n\n\n\n<section class=\"wp-block-group alignfull has-brand-lightest-background-color has-background has-global-padding is-layout-constrained wp-block-group-is-layout-constrained\" style=\"margin-top:0;padding-top:var(--wp--preset--spacing--xxhuge);padding-bottom:var(--wp--preset--spacing--xxhuge)\">\n<div class=\"wp-block-group has-global-padding is-layout-constrained wp-block-group-is-layout-constrained\">\n<p class=\"has-brand-main-color has-text-color has-link-color has-poppins-font-family has-base-font-size wp-elements-f3add6781c2e19db87fb303246b8eda0\" style=\"margin-top:0;margin-bottom:var(--wp--preset--spacing--xxsmall);font-style:normal;font-weight:400;letter-spacing:0.5px;text-transform:uppercase\">Beneficios<\/p>\n\n\n\n<h2 class=\"wp-block-heading\" style=\"margin-top:0;margin-bottom:0\">Qu\u00e9 puedes esperar de enwarp.<\/h2>\n<\/div>\n\n\n\n<div class=\"wp-block-group is-layout-grid wp-container-core-group-is-layout-4aea66fc wp-block-group-is-layout-grid\" style=\"margin-top:var(--wp--preset--spacing--xhuge)\">\n<div class=\"wp-block-group icon-headline-text-tile has-global-padding is-layout-constrained wp-container-core-group-is-layout-639b5052 wp-block-group-is-layout-constrained\" style=\"border-radius:1rem;padding-top:0;padding-right:0;padding-bottom:0;padding-left:0\">\n<figure class=\"wp-block-image size-full tile-icon is-style-icon-5rem\"><img decoding=\"async\" src=\"https:\/\/enwarp.io\/wp-content\/uploads\/sites\/2\/2024\/08\/enwarp-icon_benefit_perspektiven.svg\" alt=\"\" class=\"wp-image-729\" style=\"object-fit:cover\" \/><\/figure>\n\n\n\n<p class=\"has-text-align-left has-poppins-font-family has-xregular-font-size\" style=\"margin-top:var(--wp--preset--spacing--xsmall);margin-bottom:var(--wp--preset--spacing--xsmall);font-style:normal;font-weight:700\">\u00a1Diversas perspectivas y competencias!<\/p>\n\n\n\n<p class=\"has-text-align-left has-xregular-font-size\" style=\"margin-top:0;margin-bottom:0;font-style:normal;font-weight:400\">Valoramos las diferentes perspectivas y aptitudes porque enriquecen nuestro trabajo y nos ayudan a alcanzar juntos objetivos ambiciosos. La flexibilidad y la iniciativa son muy importantes para nosotros. Tienes libertad para organizar tu horario de trabajo de forma flexible dentro de nuestro horario central y para trabajar desde casa si es necesario.<\/p>\n<\/div>\n\n\n\n<div class=\"wp-block-group icon-headline-text-tile has-global-padding is-layout-constrained wp-container-core-group-is-layout-639b5052 wp-block-group-is-layout-constrained\" style=\"border-radius:1rem;padding-top:0;padding-right:0;padding-bottom:0;padding-left:0\">\n<figure class=\"wp-block-image size-full tile-icon is-style-icon-5rem\"><img decoding=\"async\" src=\"https:\/\/enwarp.io\/wp-content\/uploads\/sites\/2\/2024\/08\/enwarp-icon_benefit_ideen.svg\" alt=\"\" class=\"wp-image-728\" style=\"object-fit:cover\" \/><\/figure>\n\n\n\n<p class=\"has-text-align-left has-poppins-font-family has-xregular-font-size\" style=\"margin-top:var(--wp--preset--spacing--xsmall);margin-bottom:var(--wp--preset--spacing--xsmall);font-style:normal;font-weight:700\">\u00a1Haz realidad tus propias ideas!<\/p>\n\n\n\n<p class=\"has-text-align-left has-xregular-font-size\" style=\"margin-top:0;margin-bottom:0;font-style:normal;font-weight:400\">Concedemos gran importancia a que todos los miembros del equipo contribuyan y hagan realidad sus propias ideas. Nos centramos en el trabajo en equipo, no en las cualificaciones o certificados formales.<\/p>\n<\/div>\n\n\n\n<div class=\"wp-block-group icon-headline-text-tile has-global-padding is-layout-constrained wp-container-core-group-is-layout-639b5052 wp-block-group-is-layout-constrained\" style=\"border-radius:1rem;padding-top:0;padding-right:0;padding-bottom:0;padding-left:0\">\n<figure class=\"wp-block-image size-full tile-icon is-style-icon-5rem\"><img decoding=\"async\" src=\"https:\/\/enwarp.io\/wp-content\/uploads\/sites\/2\/2024\/08\/enwarp-icon_benefit_team.svg\" alt=\"\" class=\"wp-image-730\" style=\"object-fit:cover\" \/><\/figure>\n\n\n\n<p class=\"has-text-align-left has-poppins-font-family has-xregular-font-size\" style=\"margin-top:var(--wp--preset--spacing--xsmall);margin-bottom:var(--wp--preset--spacing--xsmall);font-style:normal;font-weight:700\">\u00a1Esp\u00edritu de equipo!<\/p>\n\n\n\n<p class=\"has-text-align-left has-xregular-font-size\" style=\"margin-top:0;margin-bottom:0;font-style:normal;font-weight:400\">No somos s\u00f3lo compa\u00f1eros, sino un equipo que se apoya y anima mutuamente. Si quieres seguir desarroll\u00e1ndote, estamos a tu lado. Nuestros eventos de equipo tambi\u00e9n ofrecen la oportunidad perfecta para conocernos mejor fuera de la oficina.<\/p>\n<\/div>\n<\/div>\n<\/section>\n\n\n\n<section class=\"wp-block-group alignfull has-neutral-lightest-background-color has-background has-global-padding is-layout-constrained wp-block-group-is-layout-constrained\" style=\"margin-top:0;margin-bottom:0;padding-top:var(--wp--preset--spacing--xxhuge);padding-bottom:var(--wp--preset--spacing--xxhuge)\">\n<p class=\"has-text-align-center has-big-font-size\" style=\"max-width:60ch\">Si te ves en un entorno caracterizado por la confianza, la fiabilidad y la b\u00fasqueda conjunta de soluciones y quieres acelerar la transici\u00f3n energ\u00e9tica con nosotros, entonces has venido al lugar adecuado. Estamos deseando conocerte y conseguir grandes cosas juntos. \u00a1Presenta tu candidatura ahora y pasa a formar parte de nuestro equipo!<\/p>\n<\/section>\n\n\n\n<div id=\"jobs\" class=\"wp-block-group has-global-padding is-layout-constrained wp-block-group-is-layout-constrained\" style=\"margin-top:var(--wp--preset--spacing--xxhuge);margin-bottom:var(--wp--preset--spacing--xxhuge)\">\n<div class=\"wp-block-group has-global-padding is-layout-constrained wp-block-group-is-layout-constrained\" style=\"margin-bottom:var(--wp--preset--spacing--xxlarge)\">\n<p class=\"has-brand-main-color has-text-color has-link-color has-poppins-font-family has-base-font-size wp-elements-4aa0527fa9e0d4b7912e6bd26c3e857f\" style=\"margin-top:0;margin-bottom:var(--wp--preset--spacing--xxsmall);font-style:normal;font-weight:400;letter-spacing:0.5px;text-transform:uppercase\">Vacantes<\/p>\n\n\n\n<h2 class=\"wp-block-heading\" style=\"margin-top:0;margin-bottom:0;padding-right:calc(100% - 20ch)\">\u00a1\u00danete a nuestro equipo!<\/h2>\n<\/div>\n\n\n\n\n\n<p class=\"\">Actualmente no hay puestos disponibles<\/p>\n<\/div>\n\n\n\n<section class=\"wp-block-group alignfull has-brand-white-color has-brand-dark-background-color has-text-color has-background has-link-color wp-elements-d477160af79b5746296f1b7cc8275474 has-global-padding is-layout-constrained wp-block-group-is-layout-constrained\" style=\"margin-top:0;margin-bottom:0;padding-top:var(--wp--preset--spacing--xxhuge);padding-bottom:var(--wp--preset--spacing--xxhuge)\">\n<div class=\"wp-block-columns are-vertically-aligned-center is-layout-flex wp-container-core-columns-is-layout-d043a3fe wp-block-columns-is-layout-flex\">\n<div class=\"wp-block-column is-vertically-aligned-center is-layout-flow wp-block-column-is-layout-flow\">\n<h2 class=\"wp-block-heading\">\u00bfNo encuentras el trabajo adecuado?<\/h2>\n\n\n\n<div class=\"wp-block-buttons is-layout-flex wp-block-buttons-is-layout-flex\" style=\"margin-top:var(--wp--preset--spacing--large)\">\n<div class=\"wp-block-button\"><a class=\"wp-block-button__link wp-element-button\" href=\"mailto:jobs@tetraeder.group?subject=Solicitud espont\u00e1nea\">Env\u00edanos tu solicitud abierta<\/a><\/div>\n<\/div>\n<\/div>\n\n\n\n<div class=\"wp-block-column is-vertically-aligned-center is-layout-flow wp-block-column-is-layout-flow\">\n<figure class=\"wp-block-image size-large has-custom-border\"><img loading=\"lazy\" decoding=\"async\" width=\"768\" height=\"1024\" src=\"https:\/\/enwarp.io\/wp-content\/uploads\/sites\/2\/2024\/10\/DSF5442-p-800-768x1024.jpg\" alt=\"\" class=\"wp-image-1793\" style=\"border-radius:1rem\" srcset=\"https:\/\/enwarp.io\/wp-content\/uploads\/sites\/2\/2024\/10\/DSF5442-p-800-768x1023.jpg 768w, https:\/\/enwarp.io\/wp-content\/uploads\/sites\/2\/2024\/10\/DSF5442-p-800-225x300.jpg 225w, https:\/\/enwarp.io\/wp-content\/uploads\/sites\/2\/2024\/10\/DSF5442-p-800.jpg 800w\" sizes=\"auto, (max-width: 768px) 100vw, 768px\" \/><figcaption class=\"wp-element-caption\"><strong>Sabrina Scheiwe<\/strong><br>Gente y Cultura<\/figcaption><\/figure>\n<\/div>\n<\/div>\n<\/section>\n","protected":false},"excerpt":{"rendered":"<p>Vacantes \u00a1Acelera tu carrera con enwarp! \u00a1La diversidad y la pasi\u00f3n cuentan con nosotros! Somos un equipo joven y din\u00e1mico que quiere contribuir decisivamente a la transici\u00f3n energ\u00e9tica en Europa. Nuestro objetivo es acortar y digitalizar los procesos y hacer m\u00e1s sencillo y transparente el uso de potenciales energ\u00e9ticos como los sistemas fotovoltaicos de autoconsumo. [&hellip;]<\/p>\n","protected":false},"author":1,"featured_media":0,"parent":0,"menu_order":93,"comment_status":"closed","ping_status":"closed","template":"","meta":{"_acf_changed":false,"footnotes":""},"class_list":["post-2105","page","type-page","status-publish","hentry"],"acf":[],"yoast_head":"<!-- This site is optimized with the Yoast SEO plugin v27.4 - https:\/\/yoast.com\/product\/yoast-seo-wordpress\/ -->\n<title>Tu carrera en enwarp para tener m\u00e1s \u00e9xito en la transici\u00f3n energ\u00e9tica<\/title>\n<meta name=\"description\" content=\"Expertos en SIG, desarrolladores full stack, expertos en PHP y Python trabajan con todo el equipo en soluciones digitales para conseguir m\u00e1s energ\u00eda solar en Europa.\" \/>\n<meta name=\"robots\" content=\"index, follow, max-snippet:-1, max-image-preview:large, max-video-preview:-1\" \/>\n<link rel=\"canonical\" href=\"https:\/\/enwarp.io\/es\/carrera-profesional\/\" \/>\n<meta property=\"og:locale\" content=\"es_ES\" \/>\n<meta property=\"og:type\" content=\"article\" \/>\n<meta property=\"og:title\" content=\"Tu carrera en enwarp para tener m\u00e1s \u00e9xito en la transici\u00f3n energ\u00e9tica\" \/>\n<meta property=\"og:description\" content=\"Expertos en SIG, desarrolladores full stack, expertos en PHP y Python trabajan con todo el equipo en soluciones digitales para conseguir m\u00e1s energ\u00eda solar en Europa.\" \/>\n<meta property=\"og:url\" content=\"https:\/\/enwarp.io\/es\/carrera-profesional\/\" \/>\n<meta property=\"og:site_name\" content=\"enwarp.io\" \/>\n<meta property=\"article:modified_time\" content=\"2025-09-18T10:06:48+00:00\" \/>\n<meta property=\"og:image\" content=\"https:\/\/enwarp.io\/wp-content\/uploads\/sites\/2\/2024\/10\/DSF7095.jpg\" \/>\n\t<meta property=\"og:image:width\" content=\"1146\" \/>\n\t<meta property=\"og:image:height\" content=\"1528\" \/>\n\t<meta property=\"og:image:type\" content=\"image\/jpeg\" \/>\n<meta name=\"twitter:card\" content=\"summary_large_image\" \/>\n<meta name=\"twitter:label1\" content=\"Tiempo de lectura\" \/>\n\t<meta name=\"twitter:data1\" content=\"3 minutos\" \/>\n<script type=\"application\/ld+json\" class=\"yoast-schema-graph\">{\"@context\":\"https:\\\/\\\/schema.org\",\"@graph\":[{\"@type\":\"WebPage\",\"@id\":\"https:\\\/\\\/enwarp.io\\\/es\\\/carrera-profesional\\\/\",\"url\":\"https:\\\/\\\/enwarp.io\\\/es\\\/carrera-profesional\\\/\",\"name\":\"Tu carrera en enwarp para tener m\u00e1s \u00e9xito en la transici\u00f3n energ\u00e9tica\",\"isPartOf\":{\"@id\":\"https:\\\/\\\/enwarp.io\\\/es\\\/#website\"},\"primaryImageOfPage\":{\"@id\":\"https:\\\/\\\/enwarp.io\\\/es\\\/carrera-profesional\\\/#primaryimage\"},\"image\":{\"@id\":\"https:\\\/\\\/enwarp.io\\\/es\\\/carrera-profesional\\\/#primaryimage\"},\"thumbnailUrl\":\"https:\\\/\\\/enwarp.io\\\/wp-content\\\/uploads\\\/sites\\\/2\\\/2024\\\/10\\\/DSF7095.jpg\",\"datePublished\":\"2024-08-27T09:33:03+00:00\",\"dateModified\":\"2025-09-18T10:06:48+00:00\",\"description\":\"Expertos en SIG, desarrolladores full stack, expertos en PHP y Python trabajan con todo el equipo en soluciones digitales para conseguir m\u00e1s energ\u00eda solar en Europa.\",\"breadcrumb\":{\"@id\":\"https:\\\/\\\/enwarp.io\\\/es\\\/carrera-profesional\\\/#breadcrumb\"},\"inLanguage\":\"es\",\"potentialAction\":[{\"@type\":\"ReadAction\",\"target\":[\"https:\\\/\\\/enwarp.io\\\/es\\\/carrera-profesional\\\/\"]}]},{\"@type\":\"ImageObject\",\"inLanguage\":\"es\",\"@id\":\"https:\\\/\\\/enwarp.io\\\/es\\\/carrera-profesional\\\/#primaryimage\",\"url\":\"https:\\\/\\\/enwarp.io\\\/wp-content\\\/uploads\\\/sites\\\/2\\\/2024\\\/10\\\/DSF7095.jpg\",\"contentUrl\":\"https:\\\/\\\/enwarp.io\\\/wp-content\\\/uploads\\\/sites\\\/2\\\/2024\\\/10\\\/DSF7095.jpg\"},{\"@type\":\"BreadcrumbList\",\"@id\":\"https:\\\/\\\/enwarp.io\\\/es\\\/carrera-profesional\\\/#breadcrumb\",\"itemListElement\":[{\"@type\":\"ListItem\",\"position\":1,\"name\":\"Startseite\",\"item\":\"https:\\\/\\\/enwarp.io\\\/es\\\/\"},{\"@type\":\"ListItem\",\"position\":2,\"name\":\"Carrera profesional\"}]},{\"@type\":\"WebSite\",\"@id\":\"https:\\\/\\\/enwarp.io\\\/es\\\/#website\",\"url\":\"https:\\\/\\\/enwarp.io\\\/es\\\/\",\"name\":\"enwarp.io\",\"description\":\"\",\"potentialAction\":[{\"@type\":\"SearchAction\",\"target\":{\"@type\":\"EntryPoint\",\"urlTemplate\":\"https:\\\/\\\/enwarp.io\\\/es\\\/?s={search_term_string}\"},\"query-input\":{\"@type\":\"PropertyValueSpecification\",\"valueRequired\":true,\"valueName\":\"search_term_string\"}}],\"inLanguage\":\"es\"}]}<\/script>\n<!-- \/ Yoast SEO plugin. -->","yoast_head_json":{"title":"Tu carrera en enwarp para tener m\u00e1s \u00e9xito en la transici\u00f3n energ\u00e9tica","description":"Expertos en SIG, desarrolladores full stack, expertos en PHP y Python trabajan con todo el equipo en soluciones digitales para conseguir m\u00e1s energ\u00eda solar en Europa.","robots":{"index":"index","follow":"follow","max-snippet":"max-snippet:-1","max-image-preview":"max-image-preview:large","max-video-preview":"max-video-preview:-1"},"canonical":"https:\/\/enwarp.io\/es\/carrera-profesional\/","og_locale":"es_ES","og_type":"article","og_title":"Tu carrera en enwarp para tener m\u00e1s \u00e9xito en la transici\u00f3n energ\u00e9tica","og_description":"Expertos en SIG, desarrolladores full stack, expertos en PHP y Python trabajan con todo el equipo en soluciones digitales para conseguir m\u00e1s energ\u00eda solar en Europa.","og_url":"https:\/\/enwarp.io\/es\/carrera-profesional\/","og_site_name":"enwarp.io","article_modified_time":"2025-09-18T10:06:48+00:00","og_image":[{"width":1146,"height":1528,"url":"https:\/\/enwarp.io\/wp-content\/uploads\/sites\/2\/2024\/10\/DSF7095.jpg","type":"image\/jpeg"}],"twitter_card":"summary_large_image","twitter_misc":{"Tiempo de lectura":"3 minutos"},"schema":{"@context":"https:\/\/schema.org","@graph":[{"@type":"WebPage","@id":"https:\/\/enwarp.io\/es\/carrera-profesional\/","url":"https:\/\/enwarp.io\/es\/carrera-profesional\/","name":"Tu carrera en enwarp para tener m\u00e1s \u00e9xito en la transici\u00f3n energ\u00e9tica","isPartOf":{"@id":"https:\/\/enwarp.io\/es\/#website"},"primaryImageOfPage":{"@id":"https:\/\/enwarp.io\/es\/carrera-profesional\/#primaryimage"},"image":{"@id":"https:\/\/enwarp.io\/es\/carrera-profesional\/#primaryimage"},"thumbnailUrl":"https:\/\/enwarp.io\/wp-content\/uploads\/sites\/2\/2024\/10\/DSF7095.jpg","datePublished":"2024-08-27T09:33:03+00:00","dateModified":"2025-09-18T10:06:48+00:00","description":"Expertos en SIG, desarrolladores full stack, expertos en PHP y Python trabajan con todo el equipo en soluciones digitales para conseguir m\u00e1s energ\u00eda solar en Europa.","breadcrumb":{"@id":"https:\/\/enwarp.io\/es\/carrera-profesional\/#breadcrumb"},"inLanguage":"es","potentialAction":[{"@type":"ReadAction","target":["https:\/\/enwarp.io\/es\/carrera-profesional\/"]}]},{"@type":"ImageObject","inLanguage":"es","@id":"https:\/\/enwarp.io\/es\/carrera-profesional\/#primaryimage","url":"https:\/\/enwarp.io\/wp-content\/uploads\/sites\/2\/2024\/10\/DSF7095.jpg","contentUrl":"https:\/\/enwarp.io\/wp-content\/uploads\/sites\/2\/2024\/10\/DSF7095.jpg"},{"@type":"BreadcrumbList","@id":"https:\/\/enwarp.io\/es\/carrera-profesional\/#breadcrumb","itemListElement":[{"@type":"ListItem","position":1,"name":"Startseite","item":"https:\/\/enwarp.io\/es\/"},{"@type":"ListItem","position":2,"name":"Carrera profesional"}]},{"@type":"WebSite","@id":"https:\/\/enwarp.io\/es\/#website","url":"https:\/\/enwarp.io\/es\/","name":"enwarp.io","description":"","potentialAction":[{"@type":"SearchAction","target":{"@type":"EntryPoint","urlTemplate":"https:\/\/enwarp.io\/es\/?s={search_term_string}"},"query-input":{"@type":"PropertyValueSpecification","valueRequired":true,"valueName":"search_term_string"}}],"inLanguage":"es"}]}},"_links":{"self":[{"href":"https:\/\/enwarp.io\/es\/wp-json\/wp\/v2\/pages\/2105","targetHints":{"allow":["GET"]}}],"collection":[{"href":"https:\/\/enwarp.io\/es\/wp-json\/wp\/v2\/pages"}],"about":[{"href":"https:\/\/enwarp.io\/es\/wp-json\/wp\/v2\/types\/page"}],"author":[{"embeddable":true,"href":"https:\/\/enwarp.io\/es\/wp-json\/wp\/v2\/users\/1"}],"replies":[{"embeddable":true,"href":"https:\/\/enwarp.io\/es\/wp-json\/wp\/v2\/comments?post=2105"}],"version-history":[{"count":7,"href":"https:\/\/enwarp.io\/es\/wp-json\/wp\/v2\/pages\/2105\/revisions"}],"predecessor-version":[{"id":3569,"href":"https:\/\/enwarp.io\/es\/wp-json\/wp\/v2\/pages\/2105\/revisions\/3569"}],"wp:attachment":[{"href":"https:\/\/enwarp.io\/es\/wp-json\/wp\/v2\/media?parent=2105"}],"curies":[{"name":"wp","href":"https:\/\/api.w.org\/{rel}","templated":true}]}}