{"id":2100,"date":"2024-08-15T12:48:38","date_gmt":"2024-08-15T10:48:38","guid":{"rendered":"https:\/\/enwarp.io\/ponte-en-contacto-con\/"},"modified":"2024-11-18T14:21:23","modified_gmt":"2024-11-18T13:21:23","slug":"ponte-en-contacto-con","status":"publish","type":"page","link":"https:\/\/enwarp.io\/es\/ponte-en-contacto-con\/","title":{"rendered":"Ponte en contacto con"},"content":{"rendered":"\n<div class=\"wp-block-columns alignfull is-layout-flex wp-container-core-columns-is-layout-572af27d wp-block-columns-is-layout-flex\">\n<div class=\"wp-block-column is-vertically-aligned-stretch is-layout-flow wp-block-column-is-layout-flow\" style=\"flex-basis:50%\">\n<div class=\"wp-block-group is-layout-flow wp-block-group-is-layout-flow wp-container-1 is-position-sticky\">\n<div class=\"wp-block-cover is-light\" style=\"min-height:100vh;aspect-ratio:unset;\"><span aria-hidden=\"true\" class=\"wp-block-cover__background has-background-dim-0 has-background-dim\"><\/span><img loading=\"lazy\" decoding=\"async\" width=\"1036\" height=\"1381\" class=\"wp-block-cover__image-background wp-image-466\" alt=\"\" src=\"https:\/\/enwarp.io\/wp-content\/uploads\/sites\/2\/2024\/08\/contact_1.webp\" style=\"object-position:92% 73%\" data-object-fit=\"cover\" data-object-position=\"92% 73%\" srcset=\"https:\/\/enwarp.io\/wp-content\/uploads\/sites\/2\/2024\/08\/contact_1.webp 1036w, https:\/\/enwarp.io\/wp-content\/uploads\/sites\/2\/2024\/08\/contact_1-225x300.webp 225w, https:\/\/enwarp.io\/wp-content\/uploads\/sites\/2\/2024\/08\/contact_1-768x1024.webp 768w\" sizes=\"auto, (max-width: 1036px) 100vw, 1036px\" \/><div class=\"wp-block-cover__inner-container is-layout-flow wp-block-cover-is-layout-flow\">\n<p class=\"has-text-align-center has-large-font-size\"><\/p>\n<\/div><\/div>\n<\/div>\n<\/div>\n\n\n\n<div class=\"wp-block-column has-global-padding is-layout-constrained wp-container-core-column-is-layout-45c0e3e4 wp-block-column-is-layout-constrained\" style=\"padding-top:var(--wp--preset--spacing--xxhuge);padding-right:var(--wp--preset--spacing--xxlarge);padding-bottom:var(--wp--preset--spacing--xxhuge);padding-left:var(--wp--preset--spacing--xxlarge)\">\n<div class=\"wp-block-group has-global-padding is-layout-constrained wp-block-group-is-layout-constrained\">\n<p class=\"has-brand-main-color has-text-color has-link-color has-poppins-font-family has-base-font-size wp-elements-3c2367f1fd51b7cc3f5fdd11d6c57fe0\" style=\"margin-top:0;margin-bottom:var(--wp--preset--spacing--xxsmall);font-style:normal;font-weight:400;letter-spacing:0.5px;text-transform:uppercase\">Ponte en contacto con<\/p>\n\n\n\n<h1 class=\"wp-block-heading\" style=\"margin-top:0;margin-bottom:0\">Ponte en contacto para un futuro m\u00e1s verde<\/h1>\n<\/div>\n\n\n\n<p class=\"\">\u00bfTienes preguntas sobre nuestros productos, quieres explorar oportunidades de colaboraci\u00f3n o simplemente saber m\u00e1s sobre c\u00f3mo enwarp puede apoyar tus iniciativas de energ\u00eda renovable? Nuestro equipo de expertos est\u00e1 preparado para ayudarte en cada paso.<\/p>\n\n\n\n<div class=\"wp-block-group has-global-padding is-layout-constrained wp-block-group-is-layout-constrained\" style=\"margin-top:var(--wp--preset--spacing--xhuge)\">    <div class=\"tetraeder-from-component\" >\n                <form method=\"post\" class=\"tetraeder-form\" aria-label=\"Kontaktformular\">\n            <input type=\"hidden\" name=\"to\" value=\"info@enwarp.io\">\n            <p><label><span>Nombre*<\/span><span class=\"tetraeder-form-control-wrap\" data-name=\"your-name\"><input size=\"40\" maxlength=\"400\" class=\"tetform-form-control tetform-text tetform-validates-as-required\" autocomplete=\"name\" aria-required=\"true\" aria-invalid=\"false\" value=\"\" type=\"text\" name=\"your-name\" required><span class=\"tetraeder-not-valid-tip your-name-error\" aria-hidden=\"true\">Este campo es obligatorio.<\/span><\/span><\/label><\/p>\n            <p><label><span>Correo electr\u00f3nico*<\/span><span class=\"tetraeder-form-control-wrap\" data-name=\"your-email\"><input size=\"40\" maxlength=\"400\" class=\"tetform-form-control tetform-email tetform-validates-as-required tetform-text tetform-validates-as-email\" autocomplete=\"email\" aria-required=\"true\" aria-invalid=\"false\" value=\"\" type=\"email\" name=\"your-email\" required><span class=\"tetraeder-not-valid-tip your-email-error\" aria-hidden=\"true\">Este campo es obligatorio.<\/span><\/span><\/label><\/p>\n            <p><label><span>Tel\u00e9fono<\/span><span class=\"tetraeder-form-control-wrap\" data-name=\"your-phone\"><input size=\"40\" maxlength=\"400\" class=\"tetform-form-control tetform-text\" aria-invalid=\"false\" value=\"\" type=\"text\" name=\"your-phone\"><span class=\"tetraeder-not-valid-tip your-phone-error\" aria-hidden=\"true\">Introduzca un n\u00famero de tel\u00e9fono v\u00e1lido.<\/span><\/span><\/label><\/p>\n            <p><label><span>Empresa \/ Organizaci\u00f3n<\/span><span class=\"tetraeder-form-control-wrap\" data-name=\"your-orga\"><input size=\"40\" maxlength=\"400\" class=\"tetform-form-control tetform-text\" aria-invalid=\"false\" value=\"\" type=\"text\" name=\"your-orga\"><\/span><\/label><\/p>\n            <p><label><span>Su mensaje*<\/span><span class=\"tetraeder-form-control-wrap\" data-name=\"your-message\"><textarea cols=\"40\" rows=\"10\" maxlength=\"2000\" class=\"tetform-form-control tetform-textarea\" aria-invalid=\"false\" name=\"your-message\" required><\/textarea><span class=\"tetraeder-not-valid-tip your-message-error\" aria-hidden=\"true\">Este campo es obligatorio.<\/span><\/span><\/label><\/p>\n            <p><span class=\"tetraeder-form-control-wrap\" data-name=\"dsgvo\"><span class=\"tetform-form-control tetform-acceptance\"><span class=\"tetraeder-list-item\"><label><input type=\"checkbox\" name=\"dsgvo\" value=\"1\" aria-invalid=\"false\" required><span class=\"tetraeder-list-item-label\"><span>He le\u00eddo la <a href=\"https:\/\/wordpress.enwarp.io\/es\/politica-de-privacidad\/\" target=\"_blank\" rel=\"noopener noreferrer\" class=\"\">pol\u00edtica de privacidad<\/a> y estoy de acuerdo en que los datos de mi solicitud ser\u00e1n recopilados y almacenados y en que enwarp se pondr\u00e1 en contacto conmigo. He recibido la <a href=\"\/wp-content\/uploads\/sites\/2\/2024\/10\/20240219_infosheet-GDPR.pdf\" target=\"_blank\" rel=\"noopener noreferrer\" class=\"\">informaci\u00f3n conforme al Art. 13 \/ 14 del RGPD<\/a>. Puedo oponerme a este tratamiento en privacy@enwarp.io<\/span><\/span><\/label><\/span><\/span><\/span><\/p>\n            <p><span class=\"tetraeder-form-control-wrap\" data-name=\"dsgvo\"><span class=\"tetform-form-control tetform-acceptance\"><span class=\"tetraeder-list-item\"><label><input type=\"checkbox\" name=\"angebot\" value=\"1\" aria-invalid=\"false\" required><span class=\"tetraeder-list-item-label\"><span>Acepto recibir informaci\u00f3n personalizada y\/o general sobre los productos y ofertas de tetraeder.group por escrito, por correo electr\u00f3nico o a trav\u00e9s de otros datos de contacto que haya proporcionado. Puedo revocar este consentimiento en cualquier momento y sin necesidad de justificarlo enviando un correo electr\u00f3nico a <a href=\"mailto:info@enwarp.io\" class=\"\">info@enwarp.io<\/a>, con efecto para el futuro. He tomado nota de los <a href=\"https:\/\/wordpress.enwarp.io\/es\/politica-de-privacidad\/\" target=\"_blank\" rel=\"noopener noreferrer\" class=\"\">avisos sobre el tratamiento de datos<\/a>.<\/span><\/span><\/label><\/span><\/span><\/span><\/p>\n            <p id=\"recaptcha-checkbox\"><span class=\"tetraeder-form-control-wrap\" data-name=\"captcha\"><span class=\"tetform-form-control tetform-acceptance\"><span class=\"tetraeder-list-item\"><label><input type=\"checkbox\" name=\"captcha\" value=\"1\" aria-invalid=\"false\" onclick=\"enableRecaptcha()\" required><span class=\"tetraeder-list-item-label\"><span>Acepto que, para proteger contra el spam, se cargue el servicio externo reCAPTCHA. Acepto la correspondiente <a href=\"https:\/\/www.google.com\/intl\/es\/policies\/privacy\/\" target=\"_blank\">pol\u00edtica de privacidad<\/a>.<\/span><\/span><\/label><\/span><\/span><\/span><\/p>\n            <div id=\"recaptcha-container\"><\/div><span class=\"tetraeder-not-valid-tip recaptcha-error\" aria-hidden=\"true\">Por favor, confirme el ReCaptcha.<\/span>\n            <p><input class=\"tetform-form-control tetform-submit has-spinner\" type=\"submit\" value=\"Enviar mensaje\" disabled><\/p>\n        <\/form>\n    <\/div>\n        <script>\n    const acceptance = {\n        all: false,\n        dsgvo: false,\n        angebot: false,\n        captcha: false,\n    };\n\n    const checks = ['dsgvo', 'angebot'];\n    checks.forEach(check => {\n        document.querySelector('input[name=\"' + check + '\"]').addEventListener('click', (event) => {\n            acceptance[check] = event.target.checked;\n            checkAcceptance();\n        });\n    });\n\n    const checkAcceptance = () => {\n        const button = document.querySelector('.tetform-submit');\n        acceptance.all = acceptance.dsgvo && acceptance.angebot && acceptance.captcha;\n\n        if (!acceptance.all) {\n            button.disabled = true;\n            return;\n        }\n\n        button.disabled = false;\n    };\n\n    const loadRecaptcha = () => {\n        const recaptchaScript = document.createElement('script');\n        recaptchaScript.src = \"https:\/\/www.google.com\/recaptcha\/api.js\";\n        recaptchaScript.async = true;\n        recaptchaScript.defer = true;\n        document.body.appendChild(recaptchaScript);\n        acceptance.captcha = true;\n        checkAcceptance();\n\n        setTimeout(function(){\n            grecaptcha.render('recaptcha-container', {\n                'sitekey': '6LfqiF0qAAAAABYbk4YiZvekHjr7iPjlVNOemZ15',\n                'callback': onReCaptchaSuccess\n            });\n        }, 500);\n    };\n\n    const enableRecaptcha = () => {\n        loadRecaptcha();\n        document.getElementById('recaptcha-checkbox').style.display = 'none';\n    };\n\n    const onReCaptchaSuccess = () => {\n        document.querySelector('.recaptcha-error').style.display = 'none';\n    };\n\n    const validateField = fieldName => {\n        const field = document.querySelector('*[name=\"' + fieldName + '\"]');\n        const error = document.querySelector('.' + fieldName + '-error');\n        let isValid;\n\n        switch (fieldName) {\n            case 'your-message':\n            case 'your-email':\n            case 'your-name':\n                isValid = field.value !== \"\";\n                if (isValid) {\n                    error.style.display = 'none';\n                }\n                else {\n                    error.style.display = 'block';\n                }\n                return isValid;\n\n            case 'your-phone':\n                const phonePattern = \/^\\+?[0-9]{7,14}$\/;\n                isValid = !(field.value && !phonePattern.test(field.value));\n                if (isValid) {\n                    error.style.display = 'none';\n                }\n                else {\n                    error.style.display = 'block';\n                }\n                return isValid;\n\n            default:\n                return true;\n        }\n    };\n\n    const validateRecaptcha = () => {\n        if (!acceptance.captcha) {\n            return false;\n        }\n\n        const recaptchaResponse = grecaptcha.getResponse();\n        const recaptchaError = document.querySelector('.recaptcha-error');\n\n        if (recaptchaResponse.length === 0) {\n            recaptchaError.style.display = 'block';\n            return false;\n        } else {\n            recaptchaError.style.display = 'none';\n            return true;\n        }\n    };\n\n    const validate = () => {\n        const validations = ['your-name', 'your-email', 'your-message', 'your-phone'];\n        let valid = true;\n        validations.forEach(field => {\n           valid = validateField(field, valid);\n        });\n        valid = validateRecaptcha();\n        return valid;\n    };\n\n    document.querySelector('input[name=\"your-phone\"]').addEventListener('blur', validate);\n    document.querySelector('input[name=\"your-name\"]').addEventListener('blur', validate);\n    document.querySelector('input[name=\"your-email\"]').addEventListener('blur', validate);\n    document.querySelector('textarea[name=\"your-message\"]').addEventListener('blur', validate);\n\n    document.querySelector('form.tetraeder-form').addEventListener('submit', event => {\n        if (!validate()) {\n            event.preventDefault();\n        }\n    });\n    <\/script>\n    \n<\/div>\n<\/div>\n<\/div>\n","protected":false},"excerpt":{"rendered":"<p>Ponte en contacto con Ponte en contacto para un futuro m\u00e1s verde \u00bfTienes preguntas sobre nuestros productos, quieres explorar oportunidades de colaboraci\u00f3n o simplemente saber m\u00e1s sobre c\u00f3mo enwarp puede apoyar tus iniciativas de energ\u00eda renovable? Nuestro equipo de expertos est\u00e1 preparado para ayudarte en cada paso.<\/p>\n","protected":false},"author":1,"featured_media":0,"parent":0,"menu_order":99,"comment_status":"closed","ping_status":"closed","template":"","meta":{"_acf_changed":false,"footnotes":""},"class_list":["post-2100","page","type-page","status-publish","hentry"],"acf":[],"yoast_head":"<!-- This site is optimized with the Yoast SEO plugin v27.3 - https:\/\/yoast.com\/product\/yoast-seo-wordpress\/ -->\n<title>Ponte en contacto con<\/title>\n<meta name=\"description\" content=\"Ponte en contacto con nuestros expertos enwarp | Consulta no vinculante | Cooperaciones y asociaciones para la transici\u00f3n energ\u00e9tica.\" \/>\n<meta name=\"robots\" content=\"index, follow, max-snippet:-1, max-image-preview:large, max-video-preview:-1\" \/>\n<link rel=\"canonical\" href=\"https:\/\/enwarp.io\/es\/ponte-en-contacto-con\/\" \/>\n<meta property=\"og:locale\" content=\"es_ES\" \/>\n<meta property=\"og:type\" content=\"article\" \/>\n<meta property=\"og:title\" content=\"Ponte en contacto con\" \/>\n<meta property=\"og:description\" content=\"Ponte en contacto con nuestros expertos enwarp | Consulta no vinculante | Cooperaciones y asociaciones para la transici\u00f3n energ\u00e9tica.\" \/>\n<meta property=\"og:url\" content=\"https:\/\/enwarp.io\/es\/ponte-en-contacto-con\/\" \/>\n<meta property=\"og:site_name\" content=\"enwarp.io\" \/>\n<meta property=\"article:modified_time\" content=\"2024-11-18T13:21:23+00:00\" \/>\n<meta property=\"og:image\" content=\"https:\/\/enwarp.io\/wp-content\/uploads\/sites\/2\/2024\/08\/contact_1.webp\" \/>\n\t<meta property=\"og:image:width\" content=\"1036\" \/>\n\t<meta property=\"og:image:height\" content=\"1381\" \/>\n\t<meta property=\"og:image:type\" content=\"image\/webp\" \/>\n<meta name=\"twitter:card\" content=\"summary_large_image\" \/>\n<meta name=\"twitter:label1\" content=\"Tiempo de lectura\" \/>\n\t<meta name=\"twitter:data1\" content=\"1 minuto\" \/>\n<script type=\"application\/ld+json\" class=\"yoast-schema-graph\">{\"@context\":\"https:\\\/\\\/schema.org\",\"@graph\":[{\"@type\":\"WebPage\",\"@id\":\"https:\\\/\\\/enwarp.io\\\/es\\\/ponte-en-contacto-con\\\/\",\"url\":\"https:\\\/\\\/enwarp.io\\\/es\\\/ponte-en-contacto-con\\\/\",\"name\":\"Ponte en contacto con\",\"isPartOf\":{\"@id\":\"https:\\\/\\\/enwarp.io\\\/es\\\/#website\"},\"primaryImageOfPage\":{\"@id\":\"https:\\\/\\\/enwarp.io\\\/es\\\/ponte-en-contacto-con\\\/#primaryimage\"},\"image\":{\"@id\":\"https:\\\/\\\/enwarp.io\\\/es\\\/ponte-en-contacto-con\\\/#primaryimage\"},\"thumbnailUrl\":\"https:\\\/\\\/enwarp.io\\\/wp-content\\\/uploads\\\/sites\\\/2\\\/2024\\\/08\\\/contact_1.webp\",\"datePublished\":\"2024-08-15T10:48:38+00:00\",\"dateModified\":\"2024-11-18T13:21:23+00:00\",\"description\":\"Ponte en contacto con nuestros expertos enwarp | Consulta no vinculante | Cooperaciones y asociaciones para la transici\u00f3n energ\u00e9tica.\",\"breadcrumb\":{\"@id\":\"https:\\\/\\\/enwarp.io\\\/es\\\/ponte-en-contacto-con\\\/#breadcrumb\"},\"inLanguage\":\"es\",\"potentialAction\":[{\"@type\":\"ReadAction\",\"target\":[\"https:\\\/\\\/enwarp.io\\\/es\\\/ponte-en-contacto-con\\\/\"]}]},{\"@type\":\"ImageObject\",\"inLanguage\":\"es\",\"@id\":\"https:\\\/\\\/enwarp.io\\\/es\\\/ponte-en-contacto-con\\\/#primaryimage\",\"url\":\"https:\\\/\\\/enwarp.io\\\/wp-content\\\/uploads\\\/sites\\\/2\\\/2024\\\/08\\\/contact_1.webp\",\"contentUrl\":\"https:\\\/\\\/enwarp.io\\\/wp-content\\\/uploads\\\/sites\\\/2\\\/2024\\\/08\\\/contact_1.webp\"},{\"@type\":\"BreadcrumbList\",\"@id\":\"https:\\\/\\\/enwarp.io\\\/es\\\/ponte-en-contacto-con\\\/#breadcrumb\",\"itemListElement\":[{\"@type\":\"ListItem\",\"position\":1,\"name\":\"Startseite\",\"item\":\"https:\\\/\\\/enwarp.io\\\/es\\\/\"},{\"@type\":\"ListItem\",\"position\":2,\"name\":\"Ponte en contacto con\"}]},{\"@type\":\"WebSite\",\"@id\":\"https:\\\/\\\/enwarp.io\\\/es\\\/#website\",\"url\":\"https:\\\/\\\/enwarp.io\\\/es\\\/\",\"name\":\"enwarp.io\",\"description\":\"\",\"potentialAction\":[{\"@type\":\"SearchAction\",\"target\":{\"@type\":\"EntryPoint\",\"urlTemplate\":\"https:\\\/\\\/enwarp.io\\\/es\\\/?s={search_term_string}\"},\"query-input\":{\"@type\":\"PropertyValueSpecification\",\"valueRequired\":true,\"valueName\":\"search_term_string\"}}],\"inLanguage\":\"es\"}]}<\/script>\n<!-- \/ Yoast SEO plugin. -->","yoast_head_json":{"title":"Ponte en contacto con","description":"Ponte en contacto con nuestros expertos enwarp | Consulta no vinculante | Cooperaciones y asociaciones para la transici\u00f3n energ\u00e9tica.","robots":{"index":"index","follow":"follow","max-snippet":"max-snippet:-1","max-image-preview":"max-image-preview:large","max-video-preview":"max-video-preview:-1"},"canonical":"https:\/\/enwarp.io\/es\/ponte-en-contacto-con\/","og_locale":"es_ES","og_type":"article","og_title":"Ponte en contacto con","og_description":"Ponte en contacto con nuestros expertos enwarp | Consulta no vinculante | Cooperaciones y asociaciones para la transici\u00f3n energ\u00e9tica.","og_url":"https:\/\/enwarp.io\/es\/ponte-en-contacto-con\/","og_site_name":"enwarp.io","article_modified_time":"2024-11-18T13:21:23+00:00","og_image":[{"width":1036,"height":1381,"url":"https:\/\/enwarp.io\/wp-content\/uploads\/sites\/2\/2024\/08\/contact_1.webp","type":"image\/webp"}],"twitter_card":"summary_large_image","twitter_misc":{"Tiempo de lectura":"1 minuto"},"schema":{"@context":"https:\/\/schema.org","@graph":[{"@type":"WebPage","@id":"https:\/\/enwarp.io\/es\/ponte-en-contacto-con\/","url":"https:\/\/enwarp.io\/es\/ponte-en-contacto-con\/","name":"Ponte en contacto con","isPartOf":{"@id":"https:\/\/enwarp.io\/es\/#website"},"primaryImageOfPage":{"@id":"https:\/\/enwarp.io\/es\/ponte-en-contacto-con\/#primaryimage"},"image":{"@id":"https:\/\/enwarp.io\/es\/ponte-en-contacto-con\/#primaryimage"},"thumbnailUrl":"https:\/\/enwarp.io\/wp-content\/uploads\/sites\/2\/2024\/08\/contact_1.webp","datePublished":"2024-08-15T10:48:38+00:00","dateModified":"2024-11-18T13:21:23+00:00","description":"Ponte en contacto con nuestros expertos enwarp | Consulta no vinculante | Cooperaciones y asociaciones para la transici\u00f3n energ\u00e9tica.","breadcrumb":{"@id":"https:\/\/enwarp.io\/es\/ponte-en-contacto-con\/#breadcrumb"},"inLanguage":"es","potentialAction":[{"@type":"ReadAction","target":["https:\/\/enwarp.io\/es\/ponte-en-contacto-con\/"]}]},{"@type":"ImageObject","inLanguage":"es","@id":"https:\/\/enwarp.io\/es\/ponte-en-contacto-con\/#primaryimage","url":"https:\/\/enwarp.io\/wp-content\/uploads\/sites\/2\/2024\/08\/contact_1.webp","contentUrl":"https:\/\/enwarp.io\/wp-content\/uploads\/sites\/2\/2024\/08\/contact_1.webp"},{"@type":"BreadcrumbList","@id":"https:\/\/enwarp.io\/es\/ponte-en-contacto-con\/#breadcrumb","itemListElement":[{"@type":"ListItem","position":1,"name":"Startseite","item":"https:\/\/enwarp.io\/es\/"},{"@type":"ListItem","position":2,"name":"Ponte en contacto con"}]},{"@type":"WebSite","@id":"https:\/\/enwarp.io\/es\/#website","url":"https:\/\/enwarp.io\/es\/","name":"enwarp.io","description":"","potentialAction":[{"@type":"SearchAction","target":{"@type":"EntryPoint","urlTemplate":"https:\/\/enwarp.io\/es\/?s={search_term_string}"},"query-input":{"@type":"PropertyValueSpecification","valueRequired":true,"valueName":"search_term_string"}}],"inLanguage":"es"}]}},"_links":{"self":[{"href":"https:\/\/enwarp.io\/es\/wp-json\/wp\/v2\/pages\/2100","targetHints":{"allow":["GET"]}}],"collection":[{"href":"https:\/\/enwarp.io\/es\/wp-json\/wp\/v2\/pages"}],"about":[{"href":"https:\/\/enwarp.io\/es\/wp-json\/wp\/v2\/types\/page"}],"author":[{"embeddable":true,"href":"https:\/\/enwarp.io\/es\/wp-json\/wp\/v2\/users\/1"}],"replies":[{"embeddable":true,"href":"https:\/\/enwarp.io\/es\/wp-json\/wp\/v2\/comments?post=2100"}],"version-history":[{"count":2,"href":"https:\/\/enwarp.io\/es\/wp-json\/wp\/v2\/pages\/2100\/revisions"}],"predecessor-version":[{"id":2504,"href":"https:\/\/enwarp.io\/es\/wp-json\/wp\/v2\/pages\/2100\/revisions\/2504"}],"wp:attachment":[{"href":"https:\/\/enwarp.io\/es\/wp-json\/wp\/v2\/media?parent=2100"}],"curies":[{"name":"wp","href":"https:\/\/api.w.org\/{rel}","templated":true}]}}