{"id":2096,"date":"2024-08-09T08:48:37","date_gmt":"2024-08-09T06:48:37","guid":{"rendered":"https:\/\/enwarp.io\/pie-de-imprenta\/"},"modified":"2024-10-30T08:52:54","modified_gmt":"2024-10-30T07:52:54","slug":"pie-de-imprenta","status":"publish","type":"page","link":"https:\/\/enwarp.io\/es\/pie-de-imprenta\/","title":{"rendered":"Pie de imprenta"},"content":{"rendered":"\n<div class=\"wp-block-group has-global-padding is-layout-constrained wp-block-group-is-layout-constrained\" style=\"margin-top:var(--wp--preset--spacing--xxhuge);margin-bottom:var(--wp--preset--spacing--xxhuge)\">\n<h1 class=\"wp-block-heading\">Pie de imprenta<\/h1>\n\n\n\n<p class=\"\"><strong>enwarp gmbh<br\/>\u200dAm<\/strong>Kai 22<br\/>44263 Dortmund<br\/>Alemania<\/p>\n\n\n\n<p class=\"\">Registro Mercantil: HRB 35859<br\/>Tribunal de registro: AG Dortmund<\/p>\n\n\n\n<p class=\"\"><strong>Representado por:<br\/>\u200dDr<\/strong>.-Ing. Stephan Wilforth<\/p>\n\n\n\n<h2 class=\"wp-block-heading\">Ponte en contacto con<\/h2>\n\n\n\n<p class=\"\">Tel: +49 231 1891717<br\/>Telefax: +49 231 1891718<br\/>Correo electr\u00f3nico: info@enwarp.io<\/p>\n\n\n\n<h2 class=\"wp-block-heading\">Responsable editorial<\/h2>\n\n\n\n<p class=\"\">Dr.-Ing. Stephan Wilforth<\/p>\n\n\n\n<h2 class=\"wp-block-heading\">Resoluci\u00f3n de litigios en la UE<\/h2>\n\n\n\n<p class=\"\">La Comisi\u00f3n Europea ofrece una plataforma para la resoluci\u00f3n de litigios en l\u00ednea (ODR): <a href=\"https:\/\/ec.europa.eu\/consumers\/odr\/\" target=\"_blank\" rel=\"noreferrer noopener\">https:\/\/ec.europa.eu\/consumers\/odr\/.<\/a> Nuestra direcci\u00f3n de correo electr\u00f3nico figura m\u00e1s arriba en el aviso del sitio. <\/p>\n\n\n\n<h2 class=\"wp-block-heading\">Procedimiento de resoluci\u00f3n de litigios ante una junta arbitral de consumo<\/h2>\n\n\n\n<p class=\"\">No estamos dispuestos ni obligados a participar en procedimientos de resoluci\u00f3n de litigios ante una junta de arbitraje de consumo.<\/p>\n\n\n\n<h2 class=\"wp-block-heading\">Descargo de responsabilidad &#8211; Informaci\u00f3n legal<\/h2>\n\n\n\n<h3 class=\"wp-block-heading\">Advertencia sobre el contenido<\/h3>\n\n\n\n<p class=\"\">El contenido gratuito y de libre acceso de este sitio web ha sido creado con el mayor cuidado posible. Sin embargo, el proveedor de este sitio web no se hace responsable de la exactitud y actualidad de las gu\u00edas y noticias period\u00edsticas gratuitas y de libre acceso proporcionadas. Las contribuciones etiquetadas con el nombre reflejan la opini\u00f3n del autor respectivo y no siempre la opini\u00f3n del proveedor. No se establece ninguna relaci\u00f3n contractual entre el usuario y el proveedor por el mero hecho de acceder a los contenidos gratuitos y de libre acceso; en este sentido, falta la intenci\u00f3n del proveedor de obligarse jur\u00eddicamente.   <\/p>\n\n\n\n<h3 class=\"wp-block-heading\">Enlaces externos<\/h3>\n\n\n\n<p class=\"\">Este sitio web contiene enlaces a sitios web de terceros (\u00abenlaces externos\u00bb). Estos sitios web est\u00e1n sujetos a la responsabilidad de sus respectivos operadores. Cuando se crearon por primera vez los enlaces externos, el proveedor comprob\u00f3 el contenido de terceros para detectar cualquier infracci\u00f3n legal. En ese momento no se detectaron infracciones legales. El proveedor no tiene influencia alguna sobre el dise\u00f1o y el contenido actual y futuro de las p\u00e1ginas enlazadas. La inclusi\u00f3n de enlaces externos no significa que el proveedor adopte como propio el contenido que hay detr\u00e1s de la referencia o enlace. No se puede esperar razonablemente que el proveedor controle constantemente los enlaces externos sin pruebas concretas de infracciones legales. No obstante, dichos enlaces externos se eliminar\u00e1n inmediatamente si tenemos conocimiento de alguna infracci\u00f3n legal.       <\/p>\n\n\n\n<h3 class=\"wp-block-heading\">Derechos de autor y derechos conexos<\/h3>\n\n\n\n<p class=\"\">El contenido publicado en este sitio web est\u00e1 sujeto a la legislaci\u00f3n alemana sobre derechos de autor y derechos conexos. Cualquier uso no autorizado por la legislaci\u00f3n alemana sobre derechos de autor y derechos conexos requiere el consentimiento previo por escrito del proveedor o del respectivo titular de los derechos. Esto se aplica en particular a la duplicaci\u00f3n, edici\u00f3n, traducci\u00f3n, almacenamiento, procesamiento o reproducci\u00f3n de contenidos en bases de datos u otros medios y sistemas electr\u00f3nicos. Los contenidos y derechos de terceros est\u00e1n etiquetados como tales. La reproducci\u00f3n o distribuci\u00f3n no autorizada de contenidos individuales o p\u00e1ginas completas no est\u00e1 permitida y est\u00e1 penada por la ley. S\u00f3lo se permite la producci\u00f3n de copias y descargas para uso personal, privado y no comercial.     <\/p>\n\n\n\n<p class=\"\">La presentaci\u00f3n de este sitio web en marcos externos s\u00f3lo est\u00e1 permitida con autorizaci\u00f3n por escrito.<\/p>\n\n\n\n<h3 class=\"wp-block-heading\">Protecci\u00f3n de datos<\/h3>\n\n\n\n<p class=\"\">La pol\u00edtica de privacidad se encuentra en el enlace Pol\u00edtica de privacidad, en la parte inferior del sitio web.<\/p>\n\n\n\n<h3 class=\"wp-block-heading\">Condiciones especiales de uso<\/h3>\n\n\n\n<p class=\"\">En la medida en que las condiciones especiales para usos individuales de este sitio web se desv\u00eden de los puntos 1 a 4 mencionados anteriormente, esto se indicar\u00e1 expresamente en el lugar apropiado. En este caso, las condiciones especiales de uso se aplicar\u00e1n en cada caso individual. <\/p>\n\n\n\n<h3 class=\"wp-block-heading\">Fuentes de im\u00e1genes<\/h3>\n\n\n\n<p class=\"\">Inicio:<br\/>Foto de <a href=\"https:\/\/unsplash.com\/@sigmund?utm_content=creditCopyText&amp;utm_medium=referral&amp;utm_source=unsplash\">Rivage<\/a> en <a href=\"https:\/\/unsplash.com\/photos\/green-leaf-plant-near-white-wall-YUuSAJkS3U4?utm_content=creditCopyText&amp;utm_medium=referral&amp;utm_source=unsplash\">Unsplash<\/a><br\/>Foto de Lukas Zander\/ ON Energy GmbH<\/p>\n\n\n\n<p class=\"\">Contacto:<br\/>Foto de <a href=\"https:\/\/unsplash.com\/@sigmund?utm_content=creditCopyText&amp;utm_medium=referral&amp;utm_source=unsplash\">Rivage<\/a> en <a href=\"https:\/\/unsplash.com\/photos\/green-leaf-plant-near-white-wall-YUuSAJkS3U4?utm_content=creditCopyText&amp;utm_medium=referral&amp;utm_source=unsplash\">Unsplash<\/a><\/p>\n\n\n\n<p class=\"\">Exportaci\u00f3n de datos:<br\/>Foto de <a href=\"https:\/\/unsplash.com\/@markuswinkler?utm_content=creditCopyText&amp;utm_medium=referral&amp;utm_source=unsplash\">Markus Winkler<\/a> en <a href=\"https:\/\/unsplash.com\/photos\/black-and-silver-laptop-computer-IrRbSND5EUc?utm_content=creditCopyText&amp;utm_medium=referral&amp;utm_source=unsplash\">Unsplash<\/a><\/p>\n\n\n\n<p class=\"\">Edificio API:<br\/>Foto de <a href=\"https:\/\/unsplash.com\/@visuallert?utm_content=creditCopyText&amp;utm_medium=referral&amp;utm_source=unsplash\">Jonas Allert<\/a> en <a href=\"https:\/\/unsplash.com\/photos\/aerial-photography-of-city-Zxnorp8tDNU?utm_content=creditCopyText&amp;utm_medium=referral&amp;utm_source=unsplash\">Unsplash<\/a><\/p>\n\n\n\n<p class=\"\">Mapas del potencial solar:<br\/>Foto de <a href=\"https:\/\/unsplash.com\/@benjopen?utm_content=creditCopyText&amp;utm_medium=referral&amp;utm_source=unsplash\">Benjamin Jopen<\/a> en <a href=\"https:\/\/unsplash.com\/photos\/black-and-white-concrete-building-p2GuLUu79Rg?utm_content=creditCopyText&amp;utm_medium=referral&amp;utm_source=unsplash\">Unsplash<\/a><br\/>Foto de Openstreetmap<\/p>\n\n\n\n<p class=\"\">Previsi\u00f3n de Expansi\u00f3n:<br\/>Foto de <a href=\"https:\/\/unsplash.com\/@dianamia?utm_content=creditCopyText&amp;utm_medium=referral&amp;utm_source=unsplash\">C Dustin<\/a> en <a href=\"https:\/\/unsplash.com\/photos\/utility-tower-YWf6AolkXcs?utm_content=creditCopyText&amp;utm_medium=referral&amp;utm_source=unsplash\">Unsplash<\/a><\/p>\n<\/div>\n\n<div class=\"wp-block-group alignfull has-neutral-lightest-background-color has-background has-global-padding is-layout-constrained wp-block-group-is-layout-constrained\">\n<div id=\"kontakt\" class=\"wp-block-group is-layout-grid wp-container-core-group-is-layout-04539c20 wp-block-group-is-layout-grid\" style=\"padding-top:var(--wp--preset--spacing--xxhuge);padding-bottom:var(--wp--preset--spacing--xxhuge)\">\n<div class=\"wp-block-group has-global-padding is-layout-constrained wp-block-group-is-layout-constrained\">\n<p class=\"has-brand-main-color has-text-color has-link-color has-poppins-font-family has-base-font-size wp-elements-2989ab60ba201f8c05868a20ad2b6df0\" style=\"margin-top:0;margin-bottom:var(--wp--preset--spacing--xxsmall);font-style:normal;font-weight:400;letter-spacing:0.5px;text-transform:uppercase\">Ponte en contacto con<\/p>\n\n\n\n<h2 class=\"wp-block-heading\" style=\"margin-top:0;margin-bottom:0\">Ponte en contacto para un futuro m\u00e1s verde<\/h2>\n\n\n\n<p class=\"\">\u00bfTienes preguntas sobre nuestros productos, quieres explorar oportunidades de asociaci\u00f3n o simplemente saber m\u00e1s sobre c\u00f3mo enwarp puede apoyar tus iniciativas de energ\u00eda renovable? Nuestro equipo de expertos est\u00e1 preparado para ayudarte en cada paso del camino.   <\/p>\n\n\n\n<div class=\"wp-block-buttons is-layout-flex wp-block-buttons-is-layout-flex\">\n<div class=\"wp-block-button is-style-contact-mail\"><a class=\"wp-block-button__link wp-element-button\" href=\"mailto:info@enwarp.io\">info@enwarp.io<\/a><\/div>\n<\/div>\n\n\n\n<div class=\"wp-block-buttons is-layout-flex wp-block-buttons-is-layout-flex\">\n<div class=\"wp-block-button is-style-contact-phone\"><a class=\"wp-block-button__link wp-element-button\" href=\"tel:+492311891717\">+49 231 189 1717<\/a><\/div>\n<\/div>\n\n\n\n<div class=\"wp-block-buttons is-layout-flex wp-block-buttons-is-layout-flex\">\n<div class=\"wp-block-button is-style-contact-route\"><a class=\"wp-block-button__link wp-element-button\" href=\"https:\/\/www.google.de\/maps\/place\/enwarp+gmbh\/@51.4894915,7.505023,17z\/data=!3m2!4b1!5s0x47b91706b57360c1:0xf250d9c16f0a4e1d!4m6!3m5!1s0x47b91712f7fe1ec7:0xae04ccb1662d0a56!8m2!3d51.4894915!4d7.5075979!16s%2Fg%2F11y335zdnc?entry=ttu\" target=\"_blank\" rel=\"noreferrer noopener\">Am Kai 22, 44263 Dortmund, Alemania<\/a><\/div>\n<\/div>\n<\/div>\n\n\n\n<div class=\"wp-block-group wp-container-content-cab60d90 has-global-padding is-layout-constrained wp-block-group-is-layout-constrained\">    <div class=\"tetraeder-from-component\" >\n                <form method=\"post\" class=\"tetraeder-form\" aria-label=\"Kontaktformular\">\n            <input type=\"hidden\" name=\"to\" value=\"info@enwarp.io\">\n            <p><label><span>Nombre*<\/span><span class=\"tetraeder-form-control-wrap\" data-name=\"your-name\"><input size=\"40\" maxlength=\"400\" class=\"tetform-form-control tetform-text tetform-validates-as-required\" autocomplete=\"name\" aria-required=\"true\" aria-invalid=\"false\" value=\"\" type=\"text\" name=\"your-name\" required><span class=\"tetraeder-not-valid-tip your-name-error\" aria-hidden=\"true\">Este campo es obligatorio.<\/span><\/span><\/label><\/p>\n            <p><label><span>Correo electr\u00f3nico*<\/span><span class=\"tetraeder-form-control-wrap\" data-name=\"your-email\"><input size=\"40\" maxlength=\"400\" class=\"tetform-form-control tetform-email tetform-validates-as-required tetform-text tetform-validates-as-email\" autocomplete=\"email\" aria-required=\"true\" aria-invalid=\"false\" value=\"\" type=\"email\" name=\"your-email\" required><span class=\"tetraeder-not-valid-tip your-email-error\" aria-hidden=\"true\">Este campo es obligatorio.<\/span><\/span><\/label><\/p>\n            <p><label><span>Tel\u00e9fono<\/span><span class=\"tetraeder-form-control-wrap\" data-name=\"your-phone\"><input size=\"40\" maxlength=\"400\" class=\"tetform-form-control tetform-text\" aria-invalid=\"false\" value=\"\" type=\"text\" name=\"your-phone\"><span class=\"tetraeder-not-valid-tip your-phone-error\" aria-hidden=\"true\">Introduzca un n\u00famero de tel\u00e9fono v\u00e1lido.<\/span><\/span><\/label><\/p>\n            <p><label><span>Empresa \/ Organizaci\u00f3n<\/span><span class=\"tetraeder-form-control-wrap\" data-name=\"your-orga\"><input size=\"40\" maxlength=\"400\" class=\"tetform-form-control tetform-text\" aria-invalid=\"false\" value=\"\" type=\"text\" name=\"your-orga\"><\/span><\/label><\/p>\n            <p><label><span>Su mensaje*<\/span><span class=\"tetraeder-form-control-wrap\" data-name=\"your-message\"><textarea cols=\"40\" rows=\"10\" maxlength=\"2000\" class=\"tetform-form-control tetform-textarea\" aria-invalid=\"false\" name=\"your-message\" required><\/textarea><span class=\"tetraeder-not-valid-tip your-message-error\" aria-hidden=\"true\">Este campo es obligatorio.<\/span><\/span><\/label><\/p>\n            <p><span class=\"tetraeder-form-control-wrap\" data-name=\"dsgvo\"><span class=\"tetform-form-control tetform-acceptance\"><span class=\"tetraeder-list-item\"><label><input type=\"checkbox\" name=\"dsgvo\" value=\"1\" aria-invalid=\"false\" required><span class=\"tetraeder-list-item-label\"><span>He le\u00eddo la <a href=\"https:\/\/wordpress.enwarp.io\/es\/politica-de-privacidad\/\" target=\"_blank\" rel=\"noopener noreferrer\" class=\"\">pol\u00edtica de privacidad<\/a> y estoy de acuerdo en que los datos de mi solicitud ser\u00e1n recopilados y almacenados y en que enwarp se pondr\u00e1 en contacto conmigo. He recibido la <a href=\"\/wp-content\/uploads\/sites\/2\/2024\/10\/20240219_infosheet-GDPR.pdf\" target=\"_blank\" rel=\"noopener noreferrer\" class=\"\">informaci\u00f3n conforme al Art. 13 \/ 14 del RGPD<\/a>. Puedo oponerme a este tratamiento en privacy@enwarp.io<\/span><\/span><\/label><\/span><\/span><\/span><\/p>\n            <p><span class=\"tetraeder-form-control-wrap\" data-name=\"dsgvo\"><span class=\"tetform-form-control tetform-acceptance\"><span class=\"tetraeder-list-item\"><label><input type=\"checkbox\" name=\"angebot\" value=\"1\" aria-invalid=\"false\" required><span class=\"tetraeder-list-item-label\"><span>Acepto recibir informaci\u00f3n personalizada y\/o general sobre los productos y ofertas de tetraeder.group por escrito, por correo electr\u00f3nico o a trav\u00e9s de otros datos de contacto que haya proporcionado. Puedo revocar este consentimiento en cualquier momento y sin necesidad de justificarlo enviando un correo electr\u00f3nico a <a href=\"mailto:info@enwarp.io\" class=\"\">info@enwarp.io<\/a>, con efecto para el futuro. He tomado nota de los <a href=\"https:\/\/wordpress.enwarp.io\/es\/politica-de-privacidad\/\" target=\"_blank\" rel=\"noopener noreferrer\" class=\"\">avisos sobre el tratamiento de datos<\/a>.<\/span><\/span><\/label><\/span><\/span><\/span><\/p>\n            <p id=\"recaptcha-checkbox\"><span class=\"tetraeder-form-control-wrap\" data-name=\"captcha\"><span class=\"tetform-form-control tetform-acceptance\"><span class=\"tetraeder-list-item\"><label><input type=\"checkbox\" name=\"captcha\" value=\"1\" aria-invalid=\"false\" onclick=\"enableRecaptcha()\" required><span class=\"tetraeder-list-item-label\"><span>Acepto que, para proteger contra el spam, se cargue el servicio externo reCAPTCHA. Acepto la correspondiente <a href=\"https:\/\/www.google.com\/intl\/es\/policies\/privacy\/\" target=\"_blank\">pol\u00edtica de privacidad<\/a>.<\/span><\/span><\/label><\/span><\/span><\/span><\/p>\n            <div id=\"recaptcha-container\"><\/div><span class=\"tetraeder-not-valid-tip recaptcha-error\" aria-hidden=\"true\">Por favor, confirme el ReCaptcha.<\/span>\n            <p><input class=\"tetform-form-control tetform-submit has-spinner\" type=\"submit\" value=\"Enviar mensaje\" disabled><\/p>\n        <\/form>\n    <\/div>\n        <script>\n    const acceptance = {\n        all: false,\n        dsgvo: false,\n        angebot: false,\n        captcha: false,\n    };\n\n    const checks = ['dsgvo', 'angebot'];\n    checks.forEach(check => {\n        document.querySelector('input[name=\"' + check + '\"]').addEventListener('click', (event) => {\n            acceptance[check] = event.target.checked;\n            checkAcceptance();\n        });\n    });\n\n    const checkAcceptance = () => {\n        const button = document.querySelector('.tetform-submit');\n        acceptance.all = acceptance.dsgvo && acceptance.angebot && acceptance.captcha;\n\n        if (!acceptance.all) {\n            button.disabled = true;\n            return;\n        }\n\n        button.disabled = false;\n    };\n\n    const loadRecaptcha = () => {\n        const recaptchaScript = document.createElement('script');\n        recaptchaScript.src = \"https:\/\/www.google.com\/recaptcha\/api.js\";\n        recaptchaScript.async = true;\n        recaptchaScript.defer = true;\n        document.body.appendChild(recaptchaScript);\n        acceptance.captcha = true;\n        checkAcceptance();\n\n        setTimeout(function(){\n            grecaptcha.render('recaptcha-container', {\n                'sitekey': '6LfqiF0qAAAAABYbk4YiZvekHjr7iPjlVNOemZ15',\n                'callback': onReCaptchaSuccess\n            });\n        }, 500);\n    };\n\n    const enableRecaptcha = () => {\n        loadRecaptcha();\n        document.getElementById('recaptcha-checkbox').style.display = 'none';\n    };\n\n    const onReCaptchaSuccess = () => {\n        document.querySelector('.recaptcha-error').style.display = 'none';\n    };\n\n    const validateField = fieldName => {\n        const field = document.querySelector('*[name=\"' + fieldName + '\"]');\n        const error = document.querySelector('.' + fieldName + '-error');\n        let isValid;\n\n        switch (fieldName) {\n            case 'your-message':\n            case 'your-email':\n            case 'your-name':\n                isValid = field.value !== \"\";\n                if (isValid) {\n                    error.style.display = 'none';\n                }\n                else {\n                    error.style.display = 'block';\n                }\n                return isValid;\n\n            case 'your-phone':\n                const phonePattern = \/^\\+?[0-9]{7,14}$\/;\n                isValid = !(field.value && !phonePattern.test(field.value));\n                if (isValid) {\n                    error.style.display = 'none';\n                }\n                else {\n                    error.style.display = 'block';\n                }\n                return isValid;\n\n            default:\n                return true;\n        }\n    };\n\n    const validateRecaptcha = () => {\n        if (!acceptance.captcha) {\n            return false;\n        }\n\n        const recaptchaResponse = grecaptcha.getResponse();\n        const recaptchaError = document.querySelector('.recaptcha-error');\n\n        if (recaptchaResponse.length === 0) {\n            recaptchaError.style.display = 'block';\n            return false;\n        } else {\n            recaptchaError.style.display = 'none';\n            return true;\n        }\n    };\n\n    const validate = () => {\n        const validations = ['your-name', 'your-email', 'your-message', 'your-phone'];\n        let valid = true;\n        validations.forEach(field => {\n           valid = validateField(field, valid);\n        });\n        valid = validateRecaptcha();\n        return valid;\n    };\n\n    document.querySelector('input[name=\"your-phone\"]').addEventListener('blur', validate);\n    document.querySelector('input[name=\"your-name\"]').addEventListener('blur', validate);\n    document.querySelector('input[name=\"your-email\"]').addEventListener('blur', validate);\n    document.querySelector('textarea[name=\"your-message\"]').addEventListener('blur', validate);\n\n    document.querySelector('form.tetraeder-form').addEventListener('submit', event => {\n        if (!validate()) {\n            event.preventDefault();\n        }\n    });\n    <\/script>\n    \n<\/div>\n<\/div>\n<\/div>\n","protected":false},"excerpt":{"rendered":"<p>Pie de imprenta enwarp gmbh\u200dAmKai 2244263 DortmundAlemania Registro Mercantil: HRB 35859Tribunal de registro: AG Dortmund Representado por:\u200dDr.-Ing. Stephan Wilforth Ponte en contacto con Tel: +49 231 1891717Telefax: +49 231 1891718Correo electr\u00f3nico: info@enwarp.io Responsable editorial Dr.-Ing. Stephan Wilforth Resoluci\u00f3n de litigios en la UE La Comisi\u00f3n Europea ofrece una plataforma para la resoluci\u00f3n de litigios en [&hellip;]<\/p>\n","protected":false},"author":1,"featured_media":0,"parent":0,"menu_order":110,"comment_status":"closed","ping_status":"closed","template":"","meta":{"_acf_changed":false,"footnotes":""},"class_list":["post-2096","page","type-page","status-publish","hentry"],"acf":[],"yoast_head":"<!-- This site is optimized with the Yoast SEO plugin v27.4 - https:\/\/yoast.com\/product\/yoast-seo-wordpress\/ -->\n<title>Pie de imprenta de enwarp gmbh Alemania<\/title>\n<meta name=\"description\" content=\"enwarp gmbh\u200d | Contacto: +49 231 1891717 | Am Kai 22, 44263 Dortmund | Alemania | Registro Mercantil: HRB 35859.\" \/>\n<meta name=\"robots\" content=\"index, follow, max-snippet:-1, max-image-preview:large, max-video-preview:-1\" \/>\n<link rel=\"canonical\" href=\"https:\/\/enwarp.io\/es\/pie-de-imprenta\/\" \/>\n<meta property=\"og:locale\" content=\"es_ES\" \/>\n<meta property=\"og:type\" content=\"article\" \/>\n<meta property=\"og:title\" content=\"Pie de imprenta de enwarp gmbh Alemania\" \/>\n<meta property=\"og:description\" content=\"enwarp gmbh\u200d | Contacto: +49 231 1891717 | Am Kai 22, 44263 Dortmund | Alemania | Registro Mercantil: HRB 35859.\" \/>\n<meta property=\"og:url\" content=\"https:\/\/enwarp.io\/es\/pie-de-imprenta\/\" \/>\n<meta property=\"og:site_name\" content=\"enwarp.io\" \/>\n<meta property=\"article:modified_time\" content=\"2024-10-30T07:52:54+00:00\" \/>\n<meta name=\"twitter:card\" content=\"summary_large_image\" \/>\n<meta name=\"twitter:label1\" content=\"Tiempo de lectura\" \/>\n\t<meta name=\"twitter:data1\" content=\"3 minutos\" \/>\n<script type=\"application\/ld+json\" class=\"yoast-schema-graph\">{\"@context\":\"https:\\\/\\\/schema.org\",\"@graph\":[{\"@type\":\"WebPage\",\"@id\":\"https:\\\/\\\/enwarp.io\\\/es\\\/pie-de-imprenta\\\/\",\"url\":\"https:\\\/\\\/enwarp.io\\\/es\\\/pie-de-imprenta\\\/\",\"name\":\"Pie de imprenta de enwarp gmbh Alemania\",\"isPartOf\":{\"@id\":\"https:\\\/\\\/enwarp.io\\\/es\\\/#website\"},\"datePublished\":\"2024-08-09T06:48:37+00:00\",\"dateModified\":\"2024-10-30T07:52:54+00:00\",\"description\":\"enwarp gmbh\u200d | Contacto: +49 231 1891717 | Am Kai 22, 44263 Dortmund | Alemania | Registro Mercantil: HRB 35859.\",\"breadcrumb\":{\"@id\":\"https:\\\/\\\/enwarp.io\\\/es\\\/pie-de-imprenta\\\/#breadcrumb\"},\"inLanguage\":\"es\",\"potentialAction\":[{\"@type\":\"ReadAction\",\"target\":[\"https:\\\/\\\/enwarp.io\\\/es\\\/pie-de-imprenta\\\/\"]}]},{\"@type\":\"BreadcrumbList\",\"@id\":\"https:\\\/\\\/enwarp.io\\\/es\\\/pie-de-imprenta\\\/#breadcrumb\",\"itemListElement\":[{\"@type\":\"ListItem\",\"position\":1,\"name\":\"Startseite\",\"item\":\"https:\\\/\\\/enwarp.io\\\/es\\\/\"},{\"@type\":\"ListItem\",\"position\":2,\"name\":\"Pie de imprenta\"}]},{\"@type\":\"WebSite\",\"@id\":\"https:\\\/\\\/enwarp.io\\\/es\\\/#website\",\"url\":\"https:\\\/\\\/enwarp.io\\\/es\\\/\",\"name\":\"enwarp.io\",\"description\":\"\",\"potentialAction\":[{\"@type\":\"SearchAction\",\"target\":{\"@type\":\"EntryPoint\",\"urlTemplate\":\"https:\\\/\\\/enwarp.io\\\/es\\\/?s={search_term_string}\"},\"query-input\":{\"@type\":\"PropertyValueSpecification\",\"valueRequired\":true,\"valueName\":\"search_term_string\"}}],\"inLanguage\":\"es\"}]}<\/script>\n<!-- \/ Yoast SEO plugin. -->","yoast_head_json":{"title":"Pie de imprenta de enwarp gmbh Alemania","description":"enwarp gmbh\u200d | Contacto: +49 231 1891717 | Am Kai 22, 44263 Dortmund | Alemania | Registro Mercantil: HRB 35859.","robots":{"index":"index","follow":"follow","max-snippet":"max-snippet:-1","max-image-preview":"max-image-preview:large","max-video-preview":"max-video-preview:-1"},"canonical":"https:\/\/enwarp.io\/es\/pie-de-imprenta\/","og_locale":"es_ES","og_type":"article","og_title":"Pie de imprenta de enwarp gmbh Alemania","og_description":"enwarp gmbh\u200d | Contacto: +49 231 1891717 | Am Kai 22, 44263 Dortmund | Alemania | Registro Mercantil: HRB 35859.","og_url":"https:\/\/enwarp.io\/es\/pie-de-imprenta\/","og_site_name":"enwarp.io","article_modified_time":"2024-10-30T07:52:54+00:00","twitter_card":"summary_large_image","twitter_misc":{"Tiempo de lectura":"3 minutos"},"schema":{"@context":"https:\/\/schema.org","@graph":[{"@type":"WebPage","@id":"https:\/\/enwarp.io\/es\/pie-de-imprenta\/","url":"https:\/\/enwarp.io\/es\/pie-de-imprenta\/","name":"Pie de imprenta de enwarp gmbh Alemania","isPartOf":{"@id":"https:\/\/enwarp.io\/es\/#website"},"datePublished":"2024-08-09T06:48:37+00:00","dateModified":"2024-10-30T07:52:54+00:00","description":"enwarp gmbh\u200d | Contacto: +49 231 1891717 | Am Kai 22, 44263 Dortmund | Alemania | Registro Mercantil: HRB 35859.","breadcrumb":{"@id":"https:\/\/enwarp.io\/es\/pie-de-imprenta\/#breadcrumb"},"inLanguage":"es","potentialAction":[{"@type":"ReadAction","target":["https:\/\/enwarp.io\/es\/pie-de-imprenta\/"]}]},{"@type":"BreadcrumbList","@id":"https:\/\/enwarp.io\/es\/pie-de-imprenta\/#breadcrumb","itemListElement":[{"@type":"ListItem","position":1,"name":"Startseite","item":"https:\/\/enwarp.io\/es\/"},{"@type":"ListItem","position":2,"name":"Pie de imprenta"}]},{"@type":"WebSite","@id":"https:\/\/enwarp.io\/es\/#website","url":"https:\/\/enwarp.io\/es\/","name":"enwarp.io","description":"","potentialAction":[{"@type":"SearchAction","target":{"@type":"EntryPoint","urlTemplate":"https:\/\/enwarp.io\/es\/?s={search_term_string}"},"query-input":{"@type":"PropertyValueSpecification","valueRequired":true,"valueName":"search_term_string"}}],"inLanguage":"es"}]}},"_links":{"self":[{"href":"https:\/\/enwarp.io\/es\/wp-json\/wp\/v2\/pages\/2096","targetHints":{"allow":["GET"]}}],"collection":[{"href":"https:\/\/enwarp.io\/es\/wp-json\/wp\/v2\/pages"}],"about":[{"href":"https:\/\/enwarp.io\/es\/wp-json\/wp\/v2\/types\/page"}],"author":[{"embeddable":true,"href":"https:\/\/enwarp.io\/es\/wp-json\/wp\/v2\/users\/1"}],"replies":[{"embeddable":true,"href":"https:\/\/enwarp.io\/es\/wp-json\/wp\/v2\/comments?post=2096"}],"version-history":[{"count":1,"href":"https:\/\/enwarp.io\/es\/wp-json\/wp\/v2\/pages\/2096\/revisions"}],"predecessor-version":[{"id":2097,"href":"https:\/\/enwarp.io\/es\/wp-json\/wp\/v2\/pages\/2096\/revisions\/2097"}],"wp:attachment":[{"href":"https:\/\/enwarp.io\/es\/wp-json\/wp\/v2\/media?parent=2096"}],"curies":[{"name":"wp","href":"https:\/\/api.w.org\/{rel}","templated":true}]}}