{"id":463,"date":"2024-08-15T12:48:38","date_gmt":"2024-08-15T10:48:38","guid":{"rendered":"https:\/\/enwarp.io\/?page_id=463"},"modified":"2026-01-08T11:59:23","modified_gmt":"2026-01-08T10:59:23","slug":"kontakt","status":"publish","type":"page","link":"https:\/\/enwarp.io\/de\/kontakt\/","title":{"rendered":"Kontakt"},"content":{"rendered":"\n<div class=\"wp-block-columns alignfull is-layout-flex wp-container-core-columns-is-layout-572af27d wp-block-columns-is-layout-flex\">\n<div class=\"wp-block-column is-vertically-aligned-stretch is-layout-flow wp-block-column-is-layout-flow\" style=\"flex-basis:50%\">\n<div class=\"wp-block-group is-layout-flow wp-block-group-is-layout-flow wp-container-1 is-position-sticky\">\n<div class=\"wp-block-cover is-light\" style=\"min-height:100vh;aspect-ratio:unset;\"><img loading=\"lazy\" decoding=\"async\" width=\"1036\" height=\"1381\" class=\"wp-block-cover__image-background wp-image-466\" alt=\"\" src=\"https:\/\/enwarp.io\/wp-content\/uploads\/sites\/2\/2024\/08\/contact_1.webp\" style=\"object-position:92% 73%\" data-object-fit=\"cover\" data-object-position=\"92% 73%\" srcset=\"https:\/\/enwarp.io\/wp-content\/uploads\/sites\/2\/2024\/08\/contact_1.webp 1036w, https:\/\/enwarp.io\/wp-content\/uploads\/sites\/2\/2024\/08\/contact_1-225x300.webp 225w, https:\/\/enwarp.io\/wp-content\/uploads\/sites\/2\/2024\/08\/contact_1-768x1024.webp 768w\" sizes=\"auto, (max-width: 1036px) 100vw, 1036px\" \/><span aria-hidden=\"true\" class=\"wp-block-cover__background has-background-dim-0 has-background-dim\"><\/span><div class=\"wp-block-cover__inner-container is-layout-flow wp-block-cover-is-layout-flow\">\n<p class=\"has-text-align-center has-large-font-size\"><\/p>\n<\/div><\/div>\n<\/div>\n<\/div>\n\n\n\n<div class=\"wp-block-column has-global-padding is-layout-constrained wp-container-core-column-is-layout-45c0e3e4 wp-block-column-is-layout-constrained\" style=\"padding-top:var(--wp--preset--spacing--xxhuge);padding-right:var(--wp--preset--spacing--xxlarge);padding-bottom:var(--wp--preset--spacing--xxhuge);padding-left:var(--wp--preset--spacing--xxlarge)\" id=\"kontaktform\">\n<div class=\"wp-block-group has-global-padding is-layout-constrained wp-block-group-is-layout-constrained\">\n<p class=\"has-brand-main-color has-text-color has-link-color has-poppins-font-family has-base-font-size wp-elements-eb7f98a67b467013350ae898f4da212b\" style=\"margin-top:0;margin-bottom:var(--wp--preset--spacing--xxsmall);font-style:normal;font-weight:400;letter-spacing:0.5px;text-transform:uppercase\">Kontakt<\/p>\n\n\n\n<h1 class=\"wp-block-heading\" style=\"margin-top:0;margin-bottom:0\">Kontakt aufnehmen f\u00fcr eine gr\u00fcnere Zukunft<\/h1>\n<\/div>\n\n\n\n<p class=\"\">Du hast Fragen zu unseren Produkten, m\u00f6chtest Partnerschaftsm\u00f6glichkeiten ausloten oder einfach mehr dar\u00fcber erfahren, wie enwarp deine Initiativen im Bereich der erneuerbaren Energien unterst\u00fctzen kann? Unser Expert:innen-Team ist bereit, dich bei jedem Schritt zu unterst\u00fctzen.<\/p>\n\n\n\n<div class=\"wp-block-group has-global-padding is-layout-constrained wp-block-group-is-layout-constrained\" style=\"margin-top:var(--wp--preset--spacing--xhuge)\">    <div class=\"tetraeder-from-component\" >\n                <form method=\"post\" class=\"tetraeder-form\" aria-label=\"Kontaktformular\">\n            <input type=\"hidden\" name=\"to\" value=\"info@enwarp.io\">\n            <p><label><span>Name*<\/span><span class=\"tetraeder-form-control-wrap\" data-name=\"your-name\"><input size=\"40\" maxlength=\"400\" class=\"tetform-form-control tetform-text tetform-validates-as-required\" autocomplete=\"name\" aria-required=\"true\" aria-invalid=\"false\" value=\"\" type=\"text\" name=\"your-name\" required><span class=\"tetraeder-not-valid-tip your-name-error\" aria-hidden=\"true\">Dies ist ein Pflichtfeld.<\/span><\/span><\/label><\/p>\n            <p><label><span>E-Mail*<\/span><span class=\"tetraeder-form-control-wrap\" data-name=\"your-email\"><input size=\"40\" maxlength=\"400\" class=\"tetform-form-control tetform-email tetform-validates-as-required tetform-text tetform-validates-as-email\" autocomplete=\"email\" aria-required=\"true\" aria-invalid=\"false\" value=\"\" type=\"email\" name=\"your-email\" required><span class=\"tetraeder-not-valid-tip your-email-error\" aria-hidden=\"true\">Dies ist ein Pflichtfeld.<\/span><\/span><\/label><\/p>\n            <p><label><span>Telefon<\/span><span class=\"tetraeder-form-control-wrap\" data-name=\"your-phone\"><input size=\"40\" maxlength=\"400\" class=\"tetform-form-control tetform-text\" aria-invalid=\"false\" value=\"\" type=\"text\" name=\"your-phone\"><span class=\"tetraeder-not-valid-tip your-phone-error\" aria-hidden=\"true\">Bitte eine g\u00fcltige Telefonnummer angeben.<\/span><\/span><\/label><\/p>\n            <p><label><span>Unternehmen \/ Organisation<\/span><span class=\"tetraeder-form-control-wrap\" data-name=\"your-orga\"><input size=\"40\" maxlength=\"400\" class=\"tetform-form-control tetform-text\" aria-invalid=\"false\" value=\"\" type=\"text\" name=\"your-orga\"><\/span><\/label><\/p>\n            <p><label><span>Deine Nachricht*<\/span><span class=\"tetraeder-form-control-wrap\" data-name=\"your-message\"><textarea cols=\"40\" rows=\"10\" maxlength=\"2000\" class=\"tetform-form-control tetform-textarea\" aria-invalid=\"false\" name=\"your-message\" required><\/textarea><span class=\"tetraeder-not-valid-tip your-message-error\" aria-hidden=\"true\">Dies ist ein Pflichtfeld.<\/span><\/span><\/label><\/p>\n            <p><span class=\"tetraeder-form-control-wrap\" data-name=\"dsgvo\"><span class=\"tetform-form-control tetform-acceptance\"><span class=\"tetraeder-list-item\"><label><input type=\"checkbox\" name=\"dsgvo\" value=\"1\" aria-invalid=\"false\" required><span class=\"tetraeder-list-item-label\"><span>Ich habe die <a href=\"\/de\/datenschutzerklaerung\" target=\"_blank\" rel=\"noopener noreferrer\" class=\"\">Datenschutzerkl\u00e4rung<\/a> gelesen und bin damit einverstanden, dass die Daten meiner Anfrage erhoben und gespeichert werden und dass ich von enwarp kontaktiert werde. Ich habe die <a href=\"https:\/\/enwarp.io\/wp-content\/uploads\/sites\/2\/2024\/12\/enwarp_informationspflicht.pdf\" target=\"_blank\" rel=\"noopener noreferrer\" class=\"\">Informationen gem\u00e4\u00df Art. 13 \/ 14 DSGVO<\/a> erhalten. Ich kann gegen diese Verarbeitung unter privacy@enwarp.io Widerspruch einlegen.<\/span><\/span><\/label><\/span><\/span><\/span><\/p>\n            <p><span class=\"tetraeder-form-control-wrap\" data-name=\"dsgvo\"><span class=\"tetform-form-control tetform-acceptance\"><span class=\"tetraeder-list-item\"><label><input type=\"checkbox\" name=\"angebot\" value=\"1\" aria-invalid=\"false\" required><span class=\"tetraeder-list-item-label\"><span>Ich willige ein, personalisierte und\/oder allgemeine Informationen zu den Produkten und Angeboten der tetraeder.group schriftlich, per E-Mail oder \u00fcber andere von mir angegebene Kontaktdaten zu erhalten. Ich kann diese Einwilligung jederzeit ohne Angabe von Gr\u00fcnden per E-Mail an <a href=\"mailto:info@enwarp.io\" class=\"\">info@enwarp.io<\/a> mit Wirkung f\u00fcr die Zukunft widerrufen. Die <a href=\"\/datenschutzerklaerung\" target=\"_blank\" rel=\"noopener noreferrer\" class=\"\">Hinweise zur Datenverarbeitung<\/a> habe ich zur Kenntnis genommen.<\/span><\/span><\/label><\/span><\/span><\/span><\/p>\n            <p id=\"recaptcha-checkbox\"><span class=\"tetraeder-form-control-wrap\" data-name=\"captcha\"><span class=\"tetform-form-control tetform-acceptance\"><span class=\"tetraeder-list-item\"><label><input type=\"checkbox\" name=\"captcha\" value=\"1\" aria-invalid=\"false\" onclick=\"enableRecaptcha()\" required><span class=\"tetraeder-list-item-label\"><span>Ich willige ein, dass zum Schutz vor Spam der externe Dienst reCAPTCHA geladen wird. Ich akzeptiere die entsprechende <a href=\"https:\/\/www.google.com\/intl\/de\/policies\/privacy\/\" target=\"_blank\">Datenschutzerkl\u00e4rung<\/a>.<\/span><\/span><\/label><\/span><\/span><\/span><\/p>\n            <div id=\"recaptcha-container\"><\/div><span class=\"tetraeder-not-valid-tip recaptcha-error\" aria-hidden=\"true\">Bitte best\u00e4tigen Sie das ReCaptcha.<\/span>\n            <p><input class=\"tetform-form-control tetform-submit has-spinner\" type=\"submit\" value=\"Nachricht senden\" disabled><\/p>\n        <\/form>\n    <\/div>\n        <script>\n    const acceptance = {\n        all: false,\n        dsgvo: false,\n        angebot: false,\n        captcha: false,\n    };\n\n    const checks = ['dsgvo', 'angebot'];\n    checks.forEach(check => {\n        document.querySelector('input[name=\"' + check + '\"]').addEventListener('click', (event) => {\n            acceptance[check] = event.target.checked;\n            checkAcceptance();\n        });\n    });\n\n    const checkAcceptance = () => {\n        const button = document.querySelector('.tetform-submit');\n        acceptance.all = acceptance.dsgvo && acceptance.angebot && acceptance.captcha;\n\n        if (!acceptance.all) {\n            button.disabled = true;\n            return;\n        }\n\n        button.disabled = false;\n    };\n\n    const loadRecaptcha = () => {\n        const recaptchaScript = document.createElement('script');\n        recaptchaScript.src = \"https:\/\/www.google.com\/recaptcha\/api.js\";\n        recaptchaScript.async = true;\n        recaptchaScript.defer = true;\n        document.body.appendChild(recaptchaScript);\n        acceptance.captcha = true;\n        checkAcceptance();\n\n        setTimeout(function(){\n            grecaptcha.render('recaptcha-container', {\n                'sitekey': '6LfqiF0qAAAAABYbk4YiZvekHjr7iPjlVNOemZ15',\n                'callback': onReCaptchaSuccess\n            });\n        }, 500);\n    };\n\n    const enableRecaptcha = () => {\n        loadRecaptcha();\n        document.getElementById('recaptcha-checkbox').style.display = 'none';\n    };\n\n    const onReCaptchaSuccess = () => {\n        document.querySelector('.recaptcha-error').style.display = 'none';\n    };\n\n    const validateField = fieldName => {\n        const field = document.querySelector('*[name=\"' + fieldName + '\"]');\n        const error = document.querySelector('.' + fieldName + '-error');\n        let isValid;\n\n        switch (fieldName) {\n            case 'your-message':\n            case 'your-email':\n            case 'your-name':\n                isValid = field.value !== \"\";\n                if (isValid) {\n                    error.style.display = 'none';\n                }\n                else {\n                    error.style.display = 'block';\n                }\n                return isValid;\n\n            case 'your-phone':\n                const phonePattern = \/^\\+?[0-9]{7,14}$\/;\n                isValid = !(field.value && !phonePattern.test(field.value));\n                if (isValid) {\n                    error.style.display = 'none';\n                }\n                else {\n                    error.style.display = 'block';\n                }\n                return isValid;\n\n            default:\n                return true;\n        }\n    };\n\n    const validateRecaptcha = () => {\n        if (!acceptance.captcha) {\n            return false;\n        }\n\n        const recaptchaResponse = grecaptcha.getResponse();\n        const recaptchaError = document.querySelector('.recaptcha-error');\n\n        if (recaptchaResponse.length === 0) {\n            recaptchaError.style.display = 'block';\n            return false;\n        } else {\n            recaptchaError.style.display = 'none';\n            return true;\n        }\n    };\n\n    const validate = () => {\n        const validations = ['your-name', 'your-email', 'your-message', 'your-phone'];\n        let valid = true;\n        validations.forEach(field => {\n           valid = validateField(field, valid);\n        });\n        valid = validateRecaptcha();\n        return valid;\n    };\n\n    document.querySelector('input[name=\"your-phone\"]').addEventListener('blur', validate);\n    document.querySelector('input[name=\"your-name\"]').addEventListener('blur', validate);\n    document.querySelector('input[name=\"your-email\"]').addEventListener('blur', validate);\n    document.querySelector('textarea[name=\"your-message\"]').addEventListener('blur', validate);\n\n    document.querySelector('form.tetraeder-form').addEventListener('submit', event => {\n        if (!validate()) {\n            event.preventDefault();\n        }\n    });\n    <\/script>\n    \n<\/div>\n<\/div>\n<\/div>\n","protected":false},"excerpt":{"rendered":"<p>Kontakt Kontakt aufnehmen f\u00fcr eine gr\u00fcnere Zukunft Du hast Fragen zu unseren Produkten, m\u00f6chtest Partnerschaftsm\u00f6glichkeiten ausloten oder einfach mehr dar\u00fcber erfahren, wie enwarp deine Initiativen im Bereich der erneuerbaren Energien unterst\u00fctzen kann? Unser Expert:innen-Team ist bereit, dich bei jedem Schritt zu unterst\u00fctzen.<\/p>\n","protected":false},"author":1,"featured_media":0,"parent":0,"menu_order":99,"comment_status":"closed","ping_status":"closed","template":"","meta":{"_acf_changed":false,"footnotes":""},"class_list":["post-463","page","type-page","status-publish","hentry"],"acf":[],"yoast_head":"<!-- This site is optimized with the Yoast SEO plugin v27.3 - https:\/\/yoast.com\/product\/yoast-seo-wordpress\/ -->\n<title>Kontakt<\/title>\n<meta name=\"description\" content=\"Kontaktiere unser Team aus Expert:innen f\u00fcr digitale L\u00f6sungen im Bereich der erneuerbaren Energien. Gemeinsam die Energiewende vorantreiben!\" \/>\n<meta name=\"robots\" content=\"index, follow, max-snippet:-1, max-image-preview:large, max-video-preview:-1\" \/>\n<link rel=\"canonical\" href=\"https:\/\/enwarp.io\/de\/kontakt\/\" \/>\n<meta property=\"og:locale\" content=\"de_DE\" \/>\n<meta property=\"og:type\" content=\"article\" \/>\n<meta property=\"og:title\" content=\"Kontakt\" \/>\n<meta property=\"og:description\" content=\"Kontaktiere unser Team aus Expert:innen f\u00fcr digitale L\u00f6sungen im Bereich der erneuerbaren Energien. Gemeinsam die Energiewende vorantreiben!\" \/>\n<meta property=\"og:url\" content=\"https:\/\/enwarp.io\/de\/kontakt\/\" \/>\n<meta property=\"og:site_name\" content=\"enwarp.io\" \/>\n<meta property=\"article:modified_time\" content=\"2026-01-08T10:59:23+00:00\" \/>\n<meta property=\"og:image\" content=\"https:\/\/enwarp.io\/wp-content\/uploads\/sites\/2\/2024\/08\/contact_1.webp\" \/>\n\t<meta property=\"og:image:width\" content=\"1036\" \/>\n\t<meta property=\"og:image:height\" content=\"1381\" \/>\n\t<meta property=\"og:image:type\" content=\"image\/webp\" \/>\n<meta name=\"twitter:card\" content=\"summary_large_image\" \/>\n<meta name=\"twitter:label1\" content=\"Gesch\u00e4tzte Lesezeit\" \/>\n\t<meta name=\"twitter:data1\" content=\"1\u00a0Minute\" \/>\n<script type=\"application\/ld+json\" class=\"yoast-schema-graph\">{\"@context\":\"https:\\\/\\\/schema.org\",\"@graph\":[{\"@type\":\"WebPage\",\"@id\":\"https:\\\/\\\/enwarp.io\\\/de\\\/kontakt\\\/\",\"url\":\"https:\\\/\\\/enwarp.io\\\/de\\\/kontakt\\\/\",\"name\":\"Kontakt\",\"isPartOf\":{\"@id\":\"https:\\\/\\\/enwarp.io\\\/de\\\/#website\"},\"primaryImageOfPage\":{\"@id\":\"https:\\\/\\\/enwarp.io\\\/de\\\/kontakt\\\/#primaryimage\"},\"image\":{\"@id\":\"https:\\\/\\\/enwarp.io\\\/de\\\/kontakt\\\/#primaryimage\"},\"thumbnailUrl\":\"https:\\\/\\\/enwarp.io\\\/wp-content\\\/uploads\\\/sites\\\/2\\\/2024\\\/08\\\/contact_1.webp\",\"datePublished\":\"2024-08-15T10:48:38+00:00\",\"dateModified\":\"2026-01-08T10:59:23+00:00\",\"description\":\"Kontaktiere unser Team aus Expert:innen f\u00fcr digitale L\u00f6sungen im Bereich der erneuerbaren Energien. Gemeinsam die Energiewende vorantreiben!\",\"breadcrumb\":{\"@id\":\"https:\\\/\\\/enwarp.io\\\/de\\\/kontakt\\\/#breadcrumb\"},\"inLanguage\":\"de\",\"potentialAction\":[{\"@type\":\"ReadAction\",\"target\":[\"https:\\\/\\\/enwarp.io\\\/de\\\/kontakt\\\/\"]}]},{\"@type\":\"ImageObject\",\"inLanguage\":\"de\",\"@id\":\"https:\\\/\\\/enwarp.io\\\/de\\\/kontakt\\\/#primaryimage\",\"url\":\"https:\\\/\\\/enwarp.io\\\/wp-content\\\/uploads\\\/sites\\\/2\\\/2024\\\/08\\\/contact_1.webp\",\"contentUrl\":\"https:\\\/\\\/enwarp.io\\\/wp-content\\\/uploads\\\/sites\\\/2\\\/2024\\\/08\\\/contact_1.webp\"},{\"@type\":\"BreadcrumbList\",\"@id\":\"https:\\\/\\\/enwarp.io\\\/de\\\/kontakt\\\/#breadcrumb\",\"itemListElement\":[{\"@type\":\"ListItem\",\"position\":1,\"name\":\"Startseite\",\"item\":\"https:\\\/\\\/enwarp.io\\\/de\\\/\"},{\"@type\":\"ListItem\",\"position\":2,\"name\":\"Kontakt\"}]},{\"@type\":\"WebSite\",\"@id\":\"https:\\\/\\\/enwarp.io\\\/de\\\/#website\",\"url\":\"https:\\\/\\\/enwarp.io\\\/de\\\/\",\"name\":\"enwarp.io\",\"description\":\"\",\"potentialAction\":[{\"@type\":\"SearchAction\",\"target\":{\"@type\":\"EntryPoint\",\"urlTemplate\":\"https:\\\/\\\/enwarp.io\\\/de\\\/?s={search_term_string}\"},\"query-input\":{\"@type\":\"PropertyValueSpecification\",\"valueRequired\":true,\"valueName\":\"search_term_string\"}}],\"inLanguage\":\"de\"}]}<\/script>\n<!-- \/ Yoast SEO plugin. -->","yoast_head_json":{"title":"Kontakt","description":"Kontaktiere unser Team aus Expert:innen f\u00fcr digitale L\u00f6sungen im Bereich der erneuerbaren Energien. Gemeinsam die Energiewende vorantreiben!","robots":{"index":"index","follow":"follow","max-snippet":"max-snippet:-1","max-image-preview":"max-image-preview:large","max-video-preview":"max-video-preview:-1"},"canonical":"https:\/\/enwarp.io\/de\/kontakt\/","og_locale":"de_DE","og_type":"article","og_title":"Kontakt","og_description":"Kontaktiere unser Team aus Expert:innen f\u00fcr digitale L\u00f6sungen im Bereich der erneuerbaren Energien. Gemeinsam die Energiewende vorantreiben!","og_url":"https:\/\/enwarp.io\/de\/kontakt\/","og_site_name":"enwarp.io","article_modified_time":"2026-01-08T10:59:23+00:00","og_image":[{"width":1036,"height":1381,"url":"https:\/\/enwarp.io\/wp-content\/uploads\/sites\/2\/2024\/08\/contact_1.webp","type":"image\/webp"}],"twitter_card":"summary_large_image","twitter_misc":{"Gesch\u00e4tzte Lesezeit":"1\u00a0Minute"},"schema":{"@context":"https:\/\/schema.org","@graph":[{"@type":"WebPage","@id":"https:\/\/enwarp.io\/de\/kontakt\/","url":"https:\/\/enwarp.io\/de\/kontakt\/","name":"Kontakt","isPartOf":{"@id":"https:\/\/enwarp.io\/de\/#website"},"primaryImageOfPage":{"@id":"https:\/\/enwarp.io\/de\/kontakt\/#primaryimage"},"image":{"@id":"https:\/\/enwarp.io\/de\/kontakt\/#primaryimage"},"thumbnailUrl":"https:\/\/enwarp.io\/wp-content\/uploads\/sites\/2\/2024\/08\/contact_1.webp","datePublished":"2024-08-15T10:48:38+00:00","dateModified":"2026-01-08T10:59:23+00:00","description":"Kontaktiere unser Team aus Expert:innen f\u00fcr digitale L\u00f6sungen im Bereich der erneuerbaren Energien. Gemeinsam die Energiewende vorantreiben!","breadcrumb":{"@id":"https:\/\/enwarp.io\/de\/kontakt\/#breadcrumb"},"inLanguage":"de","potentialAction":[{"@type":"ReadAction","target":["https:\/\/enwarp.io\/de\/kontakt\/"]}]},{"@type":"ImageObject","inLanguage":"de","@id":"https:\/\/enwarp.io\/de\/kontakt\/#primaryimage","url":"https:\/\/enwarp.io\/wp-content\/uploads\/sites\/2\/2024\/08\/contact_1.webp","contentUrl":"https:\/\/enwarp.io\/wp-content\/uploads\/sites\/2\/2024\/08\/contact_1.webp"},{"@type":"BreadcrumbList","@id":"https:\/\/enwarp.io\/de\/kontakt\/#breadcrumb","itemListElement":[{"@type":"ListItem","position":1,"name":"Startseite","item":"https:\/\/enwarp.io\/de\/"},{"@type":"ListItem","position":2,"name":"Kontakt"}]},{"@type":"WebSite","@id":"https:\/\/enwarp.io\/de\/#website","url":"https:\/\/enwarp.io\/de\/","name":"enwarp.io","description":"","potentialAction":[{"@type":"SearchAction","target":{"@type":"EntryPoint","urlTemplate":"https:\/\/enwarp.io\/de\/?s={search_term_string}"},"query-input":{"@type":"PropertyValueSpecification","valueRequired":true,"valueName":"search_term_string"}}],"inLanguage":"de"}]}},"_links":{"self":[{"href":"https:\/\/enwarp.io\/de\/wp-json\/wp\/v2\/pages\/463","targetHints":{"allow":["GET"]}}],"collection":[{"href":"https:\/\/enwarp.io\/de\/wp-json\/wp\/v2\/pages"}],"about":[{"href":"https:\/\/enwarp.io\/de\/wp-json\/wp\/v2\/types\/page"}],"author":[{"embeddable":true,"href":"https:\/\/enwarp.io\/de\/wp-json\/wp\/v2\/users\/1"}],"replies":[{"embeddable":true,"href":"https:\/\/enwarp.io\/de\/wp-json\/wp\/v2\/comments?post=463"}],"version-history":[{"count":28,"href":"https:\/\/enwarp.io\/de\/wp-json\/wp\/v2\/pages\/463\/revisions"}],"predecessor-version":[{"id":3614,"href":"https:\/\/enwarp.io\/de\/wp-json\/wp\/v2\/pages\/463\/revisions\/3614"}],"wp:attachment":[{"href":"https:\/\/enwarp.io\/de\/wp-json\/wp\/v2\/media?parent=463"}],"curies":[{"name":"wp","href":"https:\/\/api.w.org\/{rel}","templated":true}]}}