{"id":1183,"date":"2024-08-27T11:33:03","date_gmt":"2024-08-27T09:33:03","guid":{"rendered":"https:\/\/enwarp.io\/?page_id=1183"},"modified":"2025-09-18T12:03:17","modified_gmt":"2025-09-18T10:03:17","slug":"karriere","status":"publish","type":"page","link":"https:\/\/enwarp.io\/de\/karriere\/","title":{"rendered":"Karriere"},"content":{"rendered":"\n<div class=\"wp-block-columns alignfull hero hero--image-right is-layout-flex wp-container-core-columns-is-layout-572af27d wp-block-columns-is-layout-flex\">\n<div class=\"wp-block-column is-vertically-aligned-center is-layout-flow wp-block-column-is-layout-flow\" style=\"padding-top:0;padding-right:2.5vw;padding-bottom:var(--wp--preset--spacing--xxhuge);padding-left:2.5vw;flex-basis:50%\">\n<div class=\"wp-block-group has-global-padding is-layout-constrained wp-block-group-is-layout-constrained\">\n<p class=\"has-brand-main-color has-text-color has-link-color has-poppins-font-family has-base-font-size wp-elements-e1cbdac095d0a2c47915890b4d3c41e5\" style=\"margin-top:0;margin-bottom:var(--wp--preset--spacing--xxsmall);font-style:normal;font-weight:400;letter-spacing:0.5px;text-transform:uppercase\">Stellenausschreibungen<\/p>\n\n\n\n<h1 class=\"wp-block-heading\" style=\"margin-top:0;margin-bottom:0;padding-right:calc(100% - 20ch)\">Beschleunige deine Karriere mit enwarp!<\/h1>\n<\/div>\n\n\n\n<p class=\"\">Bei uns z\u00e4hlen Vielfalt und Leidenschaft! Wir sind ein junges, dynamisches Team, das die Energiewende in Europa entscheidend vorantreiben m\u00f6chte. Unser Ziel ist es, Prozesse zu verk\u00fcrzen, zu digitalisieren und die Nutzung von Energiepotenzialen, wie etwa Solaranlagen, einfacher und transparenter zu gestalten.<\/p>\n\n\n\n<div class=\"wp-block-buttons is-layout-flex wp-block-buttons-is-layout-flex\" style=\"margin-top:var(--wp--preset--spacing--medium)\">\n<div class=\"wp-block-button\"><a class=\"wp-block-button__link wp-element-button\" href=\"#jobs\">Zu unseren Stellenangeboten<\/a><\/div>\n<\/div>\n<\/div>\n\n\n\n<div class=\"wp-block-column is-layout-flow wp-block-column-is-layout-flow\" style=\"flex-basis:50%\">\n<div class=\"wp-block-cover is-light\" style=\"min-height:100vh;aspect-ratio:unset;\"><span aria-hidden=\"true\" class=\"wp-block-cover__background has-background-dim-0 has-background-dim\" style=\"background-color:#999d92\"><\/span><img loading=\"lazy\" decoding=\"async\" width=\"1146\" height=\"1528\" class=\"wp-block-cover__image-background wp-image-1986\" alt=\"\" src=\"https:\/\/enwarp.io\/wp-content\/uploads\/sites\/2\/2024\/10\/DSF7095.jpg\" data-object-fit=\"cover\" srcset=\"https:\/\/enwarp.io\/wp-content\/uploads\/sites\/2\/2024\/10\/DSF7095.jpg 1146w, https:\/\/enwarp.io\/wp-content\/uploads\/sites\/2\/2024\/10\/DSF7095-225x300.jpg 225w, https:\/\/enwarp.io\/wp-content\/uploads\/sites\/2\/2024\/10\/DSF7095-768x1024.jpg 768w\" sizes=\"auto, (max-width: 1146px) 100vw, 1146px\" \/><div class=\"wp-block-cover__inner-container is-layout-flow wp-block-cover-is-layout-flow\">\n<p class=\"has-text-align-center has-large-font-size\"><\/p>\n<\/div><\/div>\n<\/div>\n<\/div>\n\n\n\n<section class=\"wp-block-group alignfull has-brand-lightest-background-color has-background has-global-padding is-layout-constrained wp-block-group-is-layout-constrained\" style=\"margin-top:0;padding-top:var(--wp--preset--spacing--xxhuge);padding-bottom:var(--wp--preset--spacing--xxhuge)\">\n<div class=\"wp-block-group has-global-padding is-layout-constrained wp-block-group-is-layout-constrained\">\n<p class=\"has-brand-main-color has-text-color has-link-color has-poppins-font-family has-base-font-size wp-elements-4eedf1f87482a675c4489f1802094cdf\" style=\"margin-top:0;margin-bottom:var(--wp--preset--spacing--xxsmall);font-style:normal;font-weight:400;letter-spacing:0.5px;text-transform:uppercase\">Benefits<\/p>\n\n\n\n<h2 class=\"wp-block-heading\" style=\"margin-top:0;margin-bottom:0\">Was du von enwarp erwarten kannst.<\/h2>\n<\/div>\n\n\n\n<div class=\"wp-block-group is-layout-grid wp-container-core-group-is-layout-5e7c7f46 wp-block-group-is-layout-grid\" style=\"margin-top:var(--wp--preset--spacing--xhuge)\">\n<div class=\"wp-block-group icon-headline-text-tile has-global-padding is-layout-constrained wp-container-core-group-is-layout-639b5052 wp-block-group-is-layout-constrained\" style=\"border-radius:1rem;padding-top:0;padding-right:0;padding-bottom:0;padding-left:0\">\n<figure class=\"wp-block-image size-full tile-icon is-style-icon-5rem\"><img decoding=\"async\" src=\"https:\/\/enwarp.io\/wp-content\/uploads\/sites\/2\/2024\/08\/enwarp-icon_benefit_vielfalt.svg\" alt=\"\" class=\"wp-image-731\" style=\"object-fit:cover\" \/><\/figure>\n\n\n\n<p class=\"has-text-align-left has-poppins-font-family has-xregular-font-size\" style=\"margin-top:var(--wp--preset--spacing--xsmall);margin-bottom:var(--wp--preset--spacing--xsmall);font-style:normal;font-weight:700\">Vielfalt und Leidenschaft!<\/p>\n\n\n\n<p class=\"has-text-align-left has-xregular-font-size\" style=\"margin-top:0;margin-bottom:0;font-style:normal;font-weight:400\">Wir sind ein junges, dynamisches Team, das die Energiewende in Europa entscheidend vorantreiben m\u00f6chte. Unser Ziel ist es, Prozesse zu verk\u00fcrzen, zu digitalisieren und die Nutzung von Energiepotenzialen, wie etwa Solaranlagen, einfacher und transparenter zu gestalten.<\/p>\n<\/div>\n\n\n\n<div class=\"wp-block-group icon-headline-text-tile has-global-padding is-layout-constrained wp-container-core-group-is-layout-639b5052 wp-block-group-is-layout-constrained\" style=\"border-radius:1rem;padding-top:0;padding-right:0;padding-bottom:0;padding-left:0\">\n<figure class=\"wp-block-image size-full tile-icon is-style-icon-5rem\"><img decoding=\"async\" src=\"https:\/\/enwarp.io\/wp-content\/uploads\/sites\/2\/2024\/08\/enwarp-icon_benefit_perspektiven.svg\" alt=\"\" class=\"wp-image-729\" style=\"object-fit:cover\" \/><\/figure>\n\n\n\n<p class=\"has-text-align-left has-poppins-font-family has-xregular-font-size\" style=\"margin-top:var(--wp--preset--spacing--xsmall);margin-bottom:var(--wp--preset--spacing--xsmall);font-style:normal;font-weight:700\">Vielf\u00e4ltige Perspektiven und Kompetenzen!<\/p>\n\n\n\n<p class=\"has-text-align-left has-xregular-font-size\" style=\"margin-top:0;margin-bottom:0;font-style:normal;font-weight:400\">Wir sch\u00e4tzen unterschiedliche Perspektiven und Kompetenzen, denn sie bereichern unsere Arbeit und helfen uns, gemeinsam ambitionierte Ziele zu erreichen. Flexibilit\u00e4t und Eigeninitiative werden bei uns gro\u00dfgeschrieben. Du hast die Freiheit, deine Arbeitszeiten innerhalb unserer Kernzeiten flexibel zu gestalten und wenn du m\u00f6chtest von zu Hause aus zu arbeiten.<\/p>\n<\/div>\n\n\n\n<div class=\"wp-block-group icon-headline-text-tile has-global-padding is-layout-constrained wp-container-core-group-is-layout-639b5052 wp-block-group-is-layout-constrained\" style=\"border-radius:1rem;padding-top:0;padding-right:0;padding-bottom:0;padding-left:0\">\n<figure class=\"wp-block-image size-full tile-icon is-style-icon-5rem\"><img decoding=\"async\" src=\"https:\/\/enwarp.io\/wp-content\/uploads\/sites\/2\/2024\/08\/enwarp-icon_benefit_ideen.svg\" alt=\"\" class=\"wp-image-728\" style=\"object-fit:cover\" \/><\/figure>\n\n\n\n<p class=\"has-text-align-left has-poppins-font-family has-xregular-font-size\" style=\"margin-top:var(--wp--preset--spacing--xsmall);margin-bottom:var(--wp--preset--spacing--xsmall);font-style:normal;font-weight:700\">Eigene Ideen verwirklichen!<\/p>\n\n\n\n<p class=\"has-text-align-left has-xregular-font-size\" style=\"margin-top:0;margin-bottom:0;font-style:normal;font-weight:400\">Wir legen gro\u00dfen Wert darauf, dass jede:r im Team eigene Ideen einbringt und verwirklicht. Bei uns steht die Teamarbeit auf Augenh\u00f6he im Vordergrund \u2013 nicht formale Abschl\u00fcsse oder Zertifikate.<\/p>\n<\/div>\n\n\n\n<div class=\"wp-block-group icon-headline-text-tile has-global-padding is-layout-constrained wp-container-core-group-is-layout-639b5052 wp-block-group-is-layout-constrained\" style=\"border-radius:1rem;padding-top:0;padding-right:0;padding-bottom:0;padding-left:0\">\n<figure class=\"wp-block-image size-full tile-icon is-style-icon-5rem\"><img decoding=\"async\" src=\"https:\/\/enwarp.io\/wp-content\/uploads\/sites\/2\/2024\/08\/enwarp-icon_benefit_team.svg\" alt=\"\" class=\"wp-image-730\" style=\"object-fit:cover\" \/><\/figure>\n\n\n\n<p class=\"has-text-align-left has-poppins-font-family has-xregular-font-size\" style=\"margin-top:var(--wp--preset--spacing--xsmall);margin-bottom:var(--wp--preset--spacing--xsmall);font-style:normal;font-weight:700\">Team-Spirit!<\/p>\n\n\n\n<p class=\"has-text-align-left has-xregular-font-size\" style=\"margin-top:0;margin-bottom:0;font-style:normal;font-weight:400\">Wir sind nicht nur Kolleg:innen, sondern ein Team, das sich gegenseitig unterst\u00fctzt und f\u00f6rdert. Wenn du dich weiterentwickeln m\u00f6chtest, sind wir an deiner Seite. Unsere Teamevents bieten zudem die perfekte Gelegenheit, sich auch au\u00dferhalb des B\u00fcroalltags besser kennenzulernen.<\/p>\n<\/div>\n<\/div>\n<\/section>\n\n\n\n<section class=\"wp-block-group alignfull has-neutral-lightest-background-color has-background has-global-padding is-layout-constrained wp-block-group-is-layout-constrained\" style=\"margin-top:0;margin-bottom:0;padding-top:var(--wp--preset--spacing--xxhuge);padding-bottom:var(--wp--preset--spacing--xxhuge)\">\n<p class=\"has-text-align-center has-big-font-size\" style=\"max-width:60ch\">Wenn du dich in einem Umfeld siehst, das von Vertrauen, Zuverl\u00e4ssigkeit und dem gemeinsamen Streben nach L\u00f6sungen gepr\u00e4gt ist, und du mit uns die Energiewende beschleunigen m\u00f6chtest, dann bist du bei uns genau richtig. Wir freuen uns darauf, dich kennenzulernen und gemeinsam Gro\u00dfes zu erreichen. Bewirb dich jetzt und werde Teil unseres Teams!<\/p>\n<\/section>\n\n\n\n<div id=\"jobs\" class=\"wp-block-group has-global-padding is-layout-constrained wp-block-group-is-layout-constrained\" style=\"margin-top:var(--wp--preset--spacing--xxhuge);margin-bottom:var(--wp--preset--spacing--xxhuge)\">\n<div class=\"wp-block-group has-global-padding is-layout-constrained wp-block-group-is-layout-constrained\" style=\"margin-bottom:var(--wp--preset--spacing--xxlarge)\">\n<p class=\"has-brand-main-color has-text-color has-link-color has-poppins-font-family has-base-font-size wp-elements-e1cbdac095d0a2c47915890b4d3c41e5\" style=\"margin-top:0;margin-bottom:var(--wp--preset--spacing--xxsmall);font-style:normal;font-weight:400;letter-spacing:0.5px;text-transform:uppercase\">Stellenausschreibungen<\/p>\n\n\n\n<h2 class=\"wp-block-heading\" style=\"margin-top:0;margin-bottom:0;padding-right:calc(100% - 20ch)\">Komm in unser Team!<\/h2>\n<\/div>\n\n\n\n<p class=\"\">Aktuell sind keine Stellenausschreibungen offen.<\/p>\n<\/div>\n\n\n\n<section class=\"wp-block-group alignfull has-brand-white-color has-brand-dark-background-color has-text-color has-background has-link-color wp-elements-6420bd1953dbbffa074b6b6784efdf80 has-global-padding is-layout-constrained wp-block-group-is-layout-constrained\" style=\"margin-top:0;margin-bottom:0;padding-top:var(--wp--preset--spacing--xxhuge);padding-bottom:var(--wp--preset--spacing--xxhuge)\">\n<div class=\"wp-block-columns are-vertically-aligned-center is-layout-flex wp-container-core-columns-is-layout-d043a3fe wp-block-columns-is-layout-flex\">\n<div class=\"wp-block-column is-vertically-aligned-center is-layout-flow wp-block-column-is-layout-flow\">\n<h2 class=\"wp-block-heading\">Nicht der passende Job dabei?<\/h2>\n\n\n\n<div class=\"wp-block-buttons is-layout-flex wp-block-buttons-is-layout-flex\" style=\"margin-top:var(--wp--preset--spacing--large)\">\n<div class=\"wp-block-button\"><a class=\"wp-block-button__link wp-element-button\" href=\"mailto:jobs@tetraeder.group?subject=Initiativbewerbung\">Schick uns deine Initiativbewerbung<\/a><\/div>\n<\/div>\n<\/div>\n\n\n\n<div class=\"wp-block-column is-vertically-aligned-center is-layout-flow wp-block-column-is-layout-flow\">\n<figure class=\"wp-block-image size-large has-custom-border\"><img loading=\"lazy\" decoding=\"async\" width=\"768\" height=\"1024\" src=\"https:\/\/enwarp.io\/wp-content\/uploads\/sites\/2\/2024\/10\/DSF5442-p-800-768x1024.jpg\" alt=\"\" class=\"wp-image-1792\" style=\"border-radius:1rem\" srcset=\"https:\/\/enwarp.io\/wp-content\/uploads\/sites\/2\/2024\/10\/DSF5442-p-800-768x1023.jpg 768w, https:\/\/enwarp.io\/wp-content\/uploads\/sites\/2\/2024\/10\/DSF5442-p-800-225x300.jpg 225w, https:\/\/enwarp.io\/wp-content\/uploads\/sites\/2\/2024\/10\/DSF5442-p-800.jpg 800w\" sizes=\"auto, (max-width: 768px) 100vw, 768px\" \/><figcaption class=\"wp-element-caption\"><strong>Sabrina Scheiwe<\/strong><br>People &amp; Culture<\/figcaption><\/figure>\n<\/div>\n<\/div>\n<\/section>\n","protected":false},"excerpt":{"rendered":"<p>Stellenausschreibungen Beschleunige deine Karriere mit enwarp! Bei uns z\u00e4hlen Vielfalt und Leidenschaft! Wir sind ein junges, dynamisches Team, das die Energiewende in Europa entscheidend vorantreiben m\u00f6chte. Unser Ziel ist es, Prozesse zu verk\u00fcrzen, zu digitalisieren und die Nutzung von Energiepotenzialen, wie etwa Solaranlagen, einfacher und transparenter zu gestalten. Benefits Was du von enwarp erwarten kannst. [&hellip;]<\/p>\n","protected":false},"author":1,"featured_media":0,"parent":0,"menu_order":95,"comment_status":"closed","ping_status":"closed","template":"","meta":{"_acf_changed":false,"footnotes":""},"class_list":["post-1183","page","type-page","status-publish","hentry"],"acf":[],"yoast_head":"<!-- This site is optimized with the Yoast SEO plugin v27.3 - https:\/\/yoast.com\/product\/yoast-seo-wordpress\/ -->\n<title>Deine Karriere bei enwarp<\/title>\n<meta name=\"description\" content=\"Entdecke Jobs f\u00fcr GIS-Experten, Full Stack Developer, PHP- und Python-Experten und entwickle digitale L\u00f6sungen f\u00fcr erneuerbare Energien.\" \/>\n<meta name=\"robots\" content=\"index, follow, max-snippet:-1, max-image-preview:large, max-video-preview:-1\" \/>\n<link rel=\"canonical\" href=\"https:\/\/enwarp.io\/de\/karriere\/\" \/>\n<meta property=\"og:locale\" content=\"de_DE\" \/>\n<meta property=\"og:type\" content=\"article\" \/>\n<meta property=\"og:title\" content=\"Deine Karriere bei enwarp\" \/>\n<meta property=\"og:description\" content=\"Entdecke Jobs f\u00fcr GIS-Experten, Full Stack Developer, PHP- und Python-Experten und entwickle digitale L\u00f6sungen f\u00fcr erneuerbare Energien.\" \/>\n<meta property=\"og:url\" content=\"https:\/\/enwarp.io\/de\/karriere\/\" \/>\n<meta property=\"og:site_name\" content=\"enwarp.io\" \/>\n<meta property=\"article:modified_time\" content=\"2025-09-18T10:03:17+00:00\" \/>\n<meta property=\"og:image\" content=\"https:\/\/enwarp.io\/wp-content\/uploads\/sites\/2\/2024\/10\/DSF7095.jpg\" \/>\n\t<meta property=\"og:image:width\" content=\"1146\" \/>\n\t<meta property=\"og:image:height\" content=\"1528\" \/>\n\t<meta property=\"og:image:type\" content=\"image\/jpeg\" \/>\n<meta name=\"twitter:card\" content=\"summary_large_image\" \/>\n<meta name=\"twitter:label1\" content=\"Gesch\u00e4tzte Lesezeit\" \/>\n\t<meta name=\"twitter:data1\" content=\"3\u00a0Minuten\" \/>\n<script type=\"application\/ld+json\" class=\"yoast-schema-graph\">{\"@context\":\"https:\\\/\\\/schema.org\",\"@graph\":[{\"@type\":\"WebPage\",\"@id\":\"https:\\\/\\\/enwarp.io\\\/de\\\/karriere\\\/\",\"url\":\"https:\\\/\\\/enwarp.io\\\/de\\\/karriere\\\/\",\"name\":\"Deine Karriere bei enwarp\",\"isPartOf\":{\"@id\":\"https:\\\/\\\/enwarp.io\\\/de\\\/#website\"},\"primaryImageOfPage\":{\"@id\":\"https:\\\/\\\/enwarp.io\\\/de\\\/karriere\\\/#primaryimage\"},\"image\":{\"@id\":\"https:\\\/\\\/enwarp.io\\\/de\\\/karriere\\\/#primaryimage\"},\"thumbnailUrl\":\"https:\\\/\\\/enwarp.io\\\/wp-content\\\/uploads\\\/sites\\\/2\\\/2024\\\/10\\\/DSF7095.jpg\",\"datePublished\":\"2024-08-27T09:33:03+00:00\",\"dateModified\":\"2025-09-18T10:03:17+00:00\",\"description\":\"Entdecke Jobs f\u00fcr GIS-Experten, Full Stack Developer, PHP- und Python-Experten und entwickle digitale L\u00f6sungen f\u00fcr erneuerbare Energien.\",\"breadcrumb\":{\"@id\":\"https:\\\/\\\/enwarp.io\\\/de\\\/karriere\\\/#breadcrumb\"},\"inLanguage\":\"de\",\"potentialAction\":[{\"@type\":\"ReadAction\",\"target\":[\"https:\\\/\\\/enwarp.io\\\/de\\\/karriere\\\/\"]}]},{\"@type\":\"ImageObject\",\"inLanguage\":\"de\",\"@id\":\"https:\\\/\\\/enwarp.io\\\/de\\\/karriere\\\/#primaryimage\",\"url\":\"https:\\\/\\\/enwarp.io\\\/wp-content\\\/uploads\\\/sites\\\/2\\\/2024\\\/10\\\/DSF7095.jpg\",\"contentUrl\":\"https:\\\/\\\/enwarp.io\\\/wp-content\\\/uploads\\\/sites\\\/2\\\/2024\\\/10\\\/DSF7095.jpg\"},{\"@type\":\"BreadcrumbList\",\"@id\":\"https:\\\/\\\/enwarp.io\\\/de\\\/karriere\\\/#breadcrumb\",\"itemListElement\":[{\"@type\":\"ListItem\",\"position\":1,\"name\":\"Startseite\",\"item\":\"https:\\\/\\\/enwarp.io\\\/de\\\/\"},{\"@type\":\"ListItem\",\"position\":2,\"name\":\"Karriere\"}]},{\"@type\":\"WebSite\",\"@id\":\"https:\\\/\\\/enwarp.io\\\/de\\\/#website\",\"url\":\"https:\\\/\\\/enwarp.io\\\/de\\\/\",\"name\":\"enwarp.io\",\"description\":\"\",\"potentialAction\":[{\"@type\":\"SearchAction\",\"target\":{\"@type\":\"EntryPoint\",\"urlTemplate\":\"https:\\\/\\\/enwarp.io\\\/de\\\/?s={search_term_string}\"},\"query-input\":{\"@type\":\"PropertyValueSpecification\",\"valueRequired\":true,\"valueName\":\"search_term_string\"}}],\"inLanguage\":\"de\"}]}<\/script>\n<!-- \/ Yoast SEO plugin. -->","yoast_head_json":{"title":"Deine Karriere bei enwarp","description":"Entdecke Jobs f\u00fcr GIS-Experten, Full Stack Developer, PHP- und Python-Experten und entwickle digitale L\u00f6sungen f\u00fcr erneuerbare Energien.","robots":{"index":"index","follow":"follow","max-snippet":"max-snippet:-1","max-image-preview":"max-image-preview:large","max-video-preview":"max-video-preview:-1"},"canonical":"https:\/\/enwarp.io\/de\/karriere\/","og_locale":"de_DE","og_type":"article","og_title":"Deine Karriere bei enwarp","og_description":"Entdecke Jobs f\u00fcr GIS-Experten, Full Stack Developer, PHP- und Python-Experten und entwickle digitale L\u00f6sungen f\u00fcr erneuerbare Energien.","og_url":"https:\/\/enwarp.io\/de\/karriere\/","og_site_name":"enwarp.io","article_modified_time":"2025-09-18T10:03:17+00:00","og_image":[{"width":1146,"height":1528,"url":"https:\/\/enwarp.io\/wp-content\/uploads\/sites\/2\/2024\/10\/DSF7095.jpg","type":"image\/jpeg"}],"twitter_card":"summary_large_image","twitter_misc":{"Gesch\u00e4tzte Lesezeit":"3\u00a0Minuten"},"schema":{"@context":"https:\/\/schema.org","@graph":[{"@type":"WebPage","@id":"https:\/\/enwarp.io\/de\/karriere\/","url":"https:\/\/enwarp.io\/de\/karriere\/","name":"Deine Karriere bei enwarp","isPartOf":{"@id":"https:\/\/enwarp.io\/de\/#website"},"primaryImageOfPage":{"@id":"https:\/\/enwarp.io\/de\/karriere\/#primaryimage"},"image":{"@id":"https:\/\/enwarp.io\/de\/karriere\/#primaryimage"},"thumbnailUrl":"https:\/\/enwarp.io\/wp-content\/uploads\/sites\/2\/2024\/10\/DSF7095.jpg","datePublished":"2024-08-27T09:33:03+00:00","dateModified":"2025-09-18T10:03:17+00:00","description":"Entdecke Jobs f\u00fcr GIS-Experten, Full Stack Developer, PHP- und Python-Experten und entwickle digitale L\u00f6sungen f\u00fcr erneuerbare Energien.","breadcrumb":{"@id":"https:\/\/enwarp.io\/de\/karriere\/#breadcrumb"},"inLanguage":"de","potentialAction":[{"@type":"ReadAction","target":["https:\/\/enwarp.io\/de\/karriere\/"]}]},{"@type":"ImageObject","inLanguage":"de","@id":"https:\/\/enwarp.io\/de\/karriere\/#primaryimage","url":"https:\/\/enwarp.io\/wp-content\/uploads\/sites\/2\/2024\/10\/DSF7095.jpg","contentUrl":"https:\/\/enwarp.io\/wp-content\/uploads\/sites\/2\/2024\/10\/DSF7095.jpg"},{"@type":"BreadcrumbList","@id":"https:\/\/enwarp.io\/de\/karriere\/#breadcrumb","itemListElement":[{"@type":"ListItem","position":1,"name":"Startseite","item":"https:\/\/enwarp.io\/de\/"},{"@type":"ListItem","position":2,"name":"Karriere"}]},{"@type":"WebSite","@id":"https:\/\/enwarp.io\/de\/#website","url":"https:\/\/enwarp.io\/de\/","name":"enwarp.io","description":"","potentialAction":[{"@type":"SearchAction","target":{"@type":"EntryPoint","urlTemplate":"https:\/\/enwarp.io\/de\/?s={search_term_string}"},"query-input":{"@type":"PropertyValueSpecification","valueRequired":true,"valueName":"search_term_string"}}],"inLanguage":"de"}]}},"_links":{"self":[{"href":"https:\/\/enwarp.io\/de\/wp-json\/wp\/v2\/pages\/1183","targetHints":{"allow":["GET"]}}],"collection":[{"href":"https:\/\/enwarp.io\/de\/wp-json\/wp\/v2\/pages"}],"about":[{"href":"https:\/\/enwarp.io\/de\/wp-json\/wp\/v2\/types\/page"}],"author":[{"embeddable":true,"href":"https:\/\/enwarp.io\/de\/wp-json\/wp\/v2\/users\/1"}],"replies":[{"embeddable":true,"href":"https:\/\/enwarp.io\/de\/wp-json\/wp\/v2\/comments?post=1183"}],"version-history":[{"count":16,"href":"https:\/\/enwarp.io\/de\/wp-json\/wp\/v2\/pages\/1183\/revisions"}],"predecessor-version":[{"id":3566,"href":"https:\/\/enwarp.io\/de\/wp-json\/wp\/v2\/pages\/1183\/revisions\/3566"}],"wp:attachment":[{"href":"https:\/\/enwarp.io\/de\/wp-json\/wp\/v2\/media?parent=1183"}],"curies":[{"name":"wp","href":"https:\/\/api.w.org\/{rel}","templated":true}]}}