{"id":101,"date":"2024-08-09T08:48:37","date_gmt":"2024-08-09T06:48:37","guid":{"rendered":"https:\/\/enwarp.io\/?page_id=101"},"modified":"2024-10-22T15:58:15","modified_gmt":"2024-10-22T13:58:15","slug":"impressum","status":"publish","type":"page","link":"https:\/\/enwarp.io\/de\/impressum\/","title":{"rendered":"Impressum"},"content":{"rendered":"\n<div class=\"wp-block-group has-global-padding is-layout-constrained wp-block-group-is-layout-constrained\" style=\"margin-top:var(--wp--preset--spacing--xxhuge);margin-bottom:var(--wp--preset--spacing--xxhuge)\">\n<h1 class=\"wp-block-heading\">Impressum der enwarp gmbh\u00a0 \u00a0 \u00a0 \u00a0 \u00a0 \u00a0 \u00a0 \u00a0 \u00a0 \u00a0 \u00a0 \u00a0 \u00a0 \u00a0 \u00a0<\/h1>\n\n\n\n<h2 class=\"wp-block-heading is-style-default has-roboto-slab-font-family has-xregular-font-size\" style=\"font-style:normal;font-weight:500;line-height:1.5;padding-right:calc(100% - ch)\">\u200d<strong>enwarp gmbh<br>\u200d<\/strong>Am Kai 22<br>44263 Dortmund &nbsp; &nbsp; &nbsp; &nbsp; &nbsp; &nbsp; &nbsp; &nbsp; &nbsp;<\/h2>\n\n\n\n<p class=\"\">Handelsregister: HRB 35859<br>Registergericht: AG Dortmund&nbsp; &nbsp; &nbsp; &nbsp; &nbsp; &nbsp; &nbsp; &nbsp;<\/p>\n\n\n\n<p class=\"\"><strong>Vertreten durch:<\/strong><br>Dr.-Ing. Stephan Wilforth<\/p>\n\n\n\n<h2 class=\"wp-block-heading\">Kontakt<\/h2>\n\n\n\n<p class=\"\">Telefon: +49 231 1891717<br>Telefax: +49 231 1891718<br>E-Mail: info@enwarp.io<\/p>\n\n\n\n<p class=\"is-style-default has-poppins-font-family has-xlarge-font-size\" style=\"font-style:normal;font-weight:500\">Redaktionell verantwortlich<\/p>\n\n\n\n<p class=\"\">Dr.-Ing. Stephan Wilforth<\/p>\n\n\n\n<h2 class=\"wp-block-heading\">EU-Streitschlichtung<\/h2>\n\n\n\n<p class=\"\">Die Europ\u00e4ische Kommission stellt eine Plattform zur Online-Streitbeilegung (OS) bereit: <a href=\"https:\/\/ec.europa.eu\/consumers\/odr\/\" target=\"_blank\" rel=\"noreferrer noopener\">https:\/\/ec.europa.eu\/consumers\/odr\/<\/a>. Unsere E-Mail-Adresse finden Sie oben im Impressum.<\/p>\n\n\n\n<h2 class=\"wp-block-heading\">Verbraucherstreitbeilegung\/<br>Universalschlichtungsstelle<\/h2>\n\n\n\n<p class=\"\">Wir sind nicht bereit oder verpflichtet, an Streitbeilegungsverfahren vor einer Verbraucherschlichtungsstelle teilzunehmen.<\/p>\n\n\n\n<h2 class=\"wp-block-heading\">Disclaimer &#8211; Rechtliche Hinweise<\/h2>\n\n\n\n<h3 class=\"wp-block-heading\">Warnhinweis zu Inhalten<\/h3>\n\n\n\n<p class=\"\">Die kostenlosen und frei zug\u00e4nglichen Inhalte dieser Webseite wurden mit gr\u00f6\u00dftm\u00f6glicher Sorgfalt erstellt. Der Anbieter dieser Webseite \u00fcbernimmt jedoch keine Gew\u00e4hr f\u00fcr die Richtigkeit und Aktualit\u00e4t der bereitgestellten kostenlosen und frei zug\u00e4nglichen journalistischen Ratgeber und Nachrichten. Namentlich gekennzeichnete Beitr\u00e4ge geben die Meinung des jeweiligen Autors und nicht immer die Meinung des Anbieters wieder. Allein durch den Aufruf der kostenlosen und frei zug\u00e4nglichen Inhalte kommt keinerlei Vertragsverh\u00e4ltnis zwischen dem Nutzer und dem Anbieter zustande, insoweit fehlt es am Rechtsbindungswillen des Anbieters.<\/p>\n\n\n\n<h3 class=\"wp-block-heading\">Externe Links<\/h3>\n\n\n\n<p class=\"\">Diese Website enth\u00e4lt Verkn\u00fcpfungen zu Websites Dritter (\u201cexterne Links\u201d). Diese Websites unterliegen der Haftung der jeweiligen Betreiber. Der Anbieter hat bei der erstmaligen Verkn\u00fcpfung der externen Links die fremden Inhalte daraufhin \u00fcberpr\u00fcft, ob etwaige Rechtsverst\u00f6\u00dfe bestehen. Zu dem Zeitpunkt waren keine Rechtsverst\u00f6\u00dfe ersichtlich. Der Anbieter hat keinerlei Einfluss auf die aktuelle und zuk\u00fcnftige Gestaltung und auf die Inhalte der verkn\u00fcpften Seiten. Das Setzen von externen Links bedeutet nicht, dass sich der Anbieter die hinter dem Verweis oder Link liegenden Inhalte zu Eigen macht. Eine st\u00e4ndige Kontrolle der externen Links ist f\u00fcr den Anbieter ohne konkrete Hinweise auf Rechtsverst\u00f6\u00dfe nicht zumutbar. Bei Kenntnis von Rechtsverst\u00f6\u00dfen werden jedoch derartige externe Links unverz\u00fcglich gel\u00f6scht.<\/p>\n\n\n\n<h3 class=\"wp-block-heading\">Urheber- und Leistungsschutzrechte<\/h3>\n\n\n\n<p class=\"\">Die auf dieser Website ver\u00f6ffentlichten Inhalte unterliegen dem deutschen Urheber- und Leistungsschutzrecht. Jede vom deutschen Urheber- und Leistungsschutzrecht nicht zugelassene Verwertung bedarf der vorherigen schriftlichen Zustimmung des Anbieters oder jeweiligen Rechteinhabers. Dies gilt insbesondere f\u00fcr Vervielf\u00e4ltigung, Bearbeitung, \u00dcbersetzung, Einspeicherung, Verarbeitung bzw. Wiedergabe von Inhalten in Datenbanken oder anderen elektronischen Medien und Systemen. Inhalte und Rechte Dritter sind dabei als solche gekennzeichnet. Die unerlaubte Vervielf\u00e4ltigung oder Weitergabe einzelner Inhalte oder kompletter Seiten ist nicht gestattet und strafbar. Lediglich die Herstellung von Kopien und Downloads f\u00fcr den pers\u00f6nlichen, privaten und nicht kommerziellen Gebrauch ist erlaubt.<\/p>\n\n\n\n<p class=\"\">Die Darstellung dieser Website in fremden Frames ist nur mit schriftlicher Erlaubnis zul\u00e4ssig<\/p>\n\n\n\n<h3 class=\"wp-block-heading\">Datenschutz<\/h3>\n\n\n\n<p class=\"\">Die Datenschutzerkl\u00e4rung finden Sie unter dem Link Datenschutz im unteren Bereich der Webseite.<\/p>\n\n\n\n<h3 class=\"wp-block-heading\">Besondere Nutzungsbedingungen<\/h3>\n\n\n\n<p class=\"\">Soweit besondere Bedingungen f\u00fcr einzelne Nutzungen dieser Website von den vorgenannten Nummern 1. bis 4. abweichen, wird an entsprechender Stelle ausdr\u00fccklich darauf hingewiesen. In diesem Falle gelten im jeweiligen Einzelfall die besonderen Nutzungsbedingungen.<\/p>\n\n\n\n<h3 class=\"wp-block-heading\">Bildquellen<\/h3>\n\n\n\n<p class=\"\">Home:<br>Photo by <a href=\"https:\/\/unsplash.com\/@sigmund?utm_content=creditCopyText&amp;utm_medium=referral&amp;utm_source=unsplash\">Rivage<\/a> on <a href=\"https:\/\/unsplash.com\/photos\/green-leaf-plant-near-white-wall-YUuSAJkS3U4?utm_content=creditCopyText&amp;utm_medium=referral&amp;utm_source=unsplash\">Unsplash<\/a><br>Photo by Lukas Zander\/ ON Energy GmbH<\/p>\n\n\n\n<p class=\"\">Kontakt:<br>Photo by <a href=\"https:\/\/unsplash.com\/@sigmund?utm_content=creditCopyText&amp;utm_medium=referral&amp;utm_source=unsplash\">Rivage<\/a> on <a href=\"https:\/\/unsplash.com\/photos\/green-leaf-plant-near-white-wall-YUuSAJkS3U4?utm_content=creditCopyText&amp;utm_medium=referral&amp;utm_source=unsplash\">Unsplash<\/a><\/p>\n\n\n\n<p class=\"\">Datenexport:<br>Photo by <a href=\"https:\/\/unsplash.com\/@markuswinkler?utm_content=creditCopyText&amp;utm_medium=referral&amp;utm_source=unsplash\">Markus Winkler<\/a> on <a href=\"https:\/\/unsplash.com\/photos\/black-and-silver-laptop-computer-IrRbSND5EUc?utm_content=creditCopyText&amp;utm_medium=referral&amp;utm_source=unsplash\">Unsplash<\/a><\/p>\n\n\n\n<p class=\"\">Geb\u00e4ude API:<br>Photo by <a href=\"https:\/\/unsplash.com\/@visuallert?utm_content=creditCopyText&amp;utm_medium=referral&amp;utm_source=unsplash\">Jonas Allert<\/a> on <a href=\"https:\/\/unsplash.com\/photos\/aerial-photography-of-city-Zxnorp8tDNU?utm_content=creditCopyText&amp;utm_medium=referral&amp;utm_source=unsplash\">Unsplash<\/a><\/p>\n\n\n\n<p class=\"\">Solarpotenzialkataster:<br>Photo by <a href=\"https:\/\/unsplash.com\/@benjopen?utm_content=creditCopyText&amp;utm_medium=referral&amp;utm_source=unsplash\">Benjamin Jopen<\/a> on <a href=\"https:\/\/unsplash.com\/photos\/black-and-white-concrete-building-p2GuLUu79Rg?utm_content=creditCopyText&amp;utm_medium=referral&amp;utm_source=unsplash\">Unsplash<\/a><br>Photo by Openstreetmap<\/p>\n\n\n\n<p class=\"\">Ausbauprognose:<br>Photo by <a href=\"https:\/\/unsplash.com\/@dianamia?utm_content=creditCopyText&amp;utm_medium=referral&amp;utm_source=unsplash\">C Dustin<\/a> on <a href=\"https:\/\/unsplash.com\/photos\/utility-tower-YWf6AolkXcs?utm_content=creditCopyText&amp;utm_medium=referral&amp;utm_source=unsplash\">Unsplash<\/a><\/p>\n<\/div>\n\n\n\n<div class=\"wp-block-group alignfull has-neutral-lightest-background-color has-background has-global-padding is-layout-constrained wp-block-group-is-layout-constrained\">\n<div id=\"kontakt\" class=\"wp-block-group is-layout-grid wp-container-core-group-is-layout-04539c20 wp-block-group-is-layout-grid\" style=\"padding-top:var(--wp--preset--spacing--xxhuge);padding-bottom:var(--wp--preset--spacing--xxhuge)\">\n<div class=\"wp-block-group has-global-padding is-layout-constrained wp-block-group-is-layout-constrained\">\n<p class=\"has-brand-main-color has-text-color has-link-color has-poppins-font-family has-base-font-size wp-elements-eb7f98a67b467013350ae898f4da212b\" style=\"margin-top:0;margin-bottom:var(--wp--preset--spacing--xxsmall);font-style:normal;font-weight:400;letter-spacing:0.5px;text-transform:uppercase\">Kontakt<\/p>\n\n\n\n<h2 class=\"wp-block-heading\" style=\"margin-top:0;margin-bottom:0\">Kontakt aufnehmen f\u00fcr eine gr\u00fcnere Zukunft<\/h2>\n\n\n\n<p class=\"\">Du hast Fragen zu unseren Produkten, m\u00f6chtest Partnerschaftsm\u00f6glichkeiten ausloten oder einfach mehr dar\u00fcber erfahren, wie enwarp deine Initiativen im Bereich der erneuerbaren Energien unterst\u00fctzen kann? Unser Expert:innen-Team ist bereit, dich bei jedem Schritt zu unterst\u00fctzen.<\/p>\n\n\n\n<div class=\"wp-block-buttons is-layout-flex wp-block-buttons-is-layout-flex\">\n<div class=\"wp-block-button is-style-contact-mail\"><a class=\"wp-block-button__link wp-element-button\" href=\"mailto:info@enwarp.io\">info@enwarp.io<\/a><\/div>\n<\/div>\n\n\n\n<div class=\"wp-block-buttons is-layout-flex wp-block-buttons-is-layout-flex\">\n<div class=\"wp-block-button is-style-contact-phone\"><a class=\"wp-block-button__link wp-element-button\" href=\"tel:+492311891717\">+49 231 189 1717<\/a><\/div>\n<\/div>\n\n\n\n<div class=\"wp-block-buttons is-layout-flex wp-block-buttons-is-layout-flex\">\n<div class=\"wp-block-button is-style-contact-route\"><a class=\"wp-block-button__link wp-element-button\" href=\"https:\/\/www.google.de\/maps\/place\/enwarp+gmbh\/@51.4894915,7.505023,17z\/data=!3m2!4b1!5s0x47b91706b57360c1:0xf250d9c16f0a4e1d!4m6!3m5!1s0x47b91712f7fe1ec7:0xae04ccb1662d0a56!8m2!3d51.4894915!4d7.5075979!16s%2Fg%2F11y335zdnc?entry=ttu\" target=\"_blank\" rel=\"noreferrer noopener\">Am Kai 22, 44263 Dortmund, Germany<\/a><\/div>\n<\/div>\n<\/div>\n\n\n\n<div class=\"wp-block-group wp-container-content-cab60d90 has-global-padding is-layout-constrained wp-block-group-is-layout-constrained\">    <div class=\"tetraeder-from-component\" >\n                <form method=\"post\" class=\"tetraeder-form\" aria-label=\"Kontaktformular\">\n            <input type=\"hidden\" name=\"to\" value=\"info@enwarp.io\">\n            <p><label><span>Name*<\/span><span class=\"tetraeder-form-control-wrap\" data-name=\"your-name\"><input size=\"40\" maxlength=\"400\" class=\"tetform-form-control tetform-text tetform-validates-as-required\" autocomplete=\"name\" aria-required=\"true\" aria-invalid=\"false\" value=\"\" type=\"text\" name=\"your-name\" required><span class=\"tetraeder-not-valid-tip your-name-error\" aria-hidden=\"true\">Dies ist ein Pflichtfeld.<\/span><\/span><\/label><\/p>\n            <p><label><span>E-Mail*<\/span><span class=\"tetraeder-form-control-wrap\" data-name=\"your-email\"><input size=\"40\" maxlength=\"400\" class=\"tetform-form-control tetform-email tetform-validates-as-required tetform-text tetform-validates-as-email\" autocomplete=\"email\" aria-required=\"true\" aria-invalid=\"false\" value=\"\" type=\"email\" name=\"your-email\" required><span class=\"tetraeder-not-valid-tip your-email-error\" aria-hidden=\"true\">Dies ist ein Pflichtfeld.<\/span><\/span><\/label><\/p>\n            <p><label><span>Telefon<\/span><span class=\"tetraeder-form-control-wrap\" data-name=\"your-phone\"><input size=\"40\" maxlength=\"400\" class=\"tetform-form-control tetform-text\" aria-invalid=\"false\" value=\"\" type=\"text\" name=\"your-phone\"><span class=\"tetraeder-not-valid-tip your-phone-error\" aria-hidden=\"true\">Bitte eine g\u00fcltige Telefonnummer angeben.<\/span><\/span><\/label><\/p>\n            <p><label><span>Unternehmen \/ Organisation<\/span><span class=\"tetraeder-form-control-wrap\" data-name=\"your-orga\"><input size=\"40\" maxlength=\"400\" class=\"tetform-form-control tetform-text\" aria-invalid=\"false\" value=\"\" type=\"text\" name=\"your-orga\"><\/span><\/label><\/p>\n            <p><label><span>Deine Nachricht*<\/span><span class=\"tetraeder-form-control-wrap\" data-name=\"your-message\"><textarea cols=\"40\" rows=\"10\" maxlength=\"2000\" class=\"tetform-form-control tetform-textarea\" aria-invalid=\"false\" name=\"your-message\" required><\/textarea><span class=\"tetraeder-not-valid-tip your-message-error\" aria-hidden=\"true\">Dies ist ein Pflichtfeld.<\/span><\/span><\/label><\/p>\n            <p><span class=\"tetraeder-form-control-wrap\" data-name=\"dsgvo\"><span class=\"tetform-form-control tetform-acceptance\"><span class=\"tetraeder-list-item\"><label><input type=\"checkbox\" name=\"dsgvo\" value=\"1\" aria-invalid=\"false\" required><span class=\"tetraeder-list-item-label\"><span>Ich habe die <a href=\"\/de\/datenschutzerklaerung\" target=\"_blank\" rel=\"noopener noreferrer\" class=\"\">Datenschutzerkl\u00e4rung<\/a> gelesen und bin damit einverstanden, dass die Daten meiner Anfrage erhoben und gespeichert werden und dass ich von enwarp kontaktiert werde. Ich habe die <a href=\"https:\/\/enwarp.io\/wp-content\/uploads\/sites\/2\/2024\/12\/enwarp_informationspflicht.pdf\" target=\"_blank\" rel=\"noopener noreferrer\" class=\"\">Informationen gem\u00e4\u00df Art. 13 \/ 14 DSGVO<\/a> erhalten. Ich kann gegen diese Verarbeitung unter privacy@enwarp.io Widerspruch einlegen.<\/span><\/span><\/label><\/span><\/span><\/span><\/p>\n            <p><span class=\"tetraeder-form-control-wrap\" data-name=\"dsgvo\"><span class=\"tetform-form-control tetform-acceptance\"><span class=\"tetraeder-list-item\"><label><input type=\"checkbox\" name=\"angebot\" value=\"1\" aria-invalid=\"false\" required><span class=\"tetraeder-list-item-label\"><span>Ich willige ein, personalisierte und\/oder allgemeine Informationen zu den Produkten und Angeboten der tetraeder.group schriftlich, per E-Mail oder \u00fcber andere von mir angegebene Kontaktdaten zu erhalten. Ich kann diese Einwilligung jederzeit ohne Angabe von Gr\u00fcnden per E-Mail an <a href=\"mailto:info@enwarp.io\" class=\"\">info@enwarp.io<\/a> mit Wirkung f\u00fcr die Zukunft widerrufen. Die <a href=\"\/datenschutzerklaerung\" target=\"_blank\" rel=\"noopener noreferrer\" class=\"\">Hinweise zur Datenverarbeitung<\/a> habe ich zur Kenntnis genommen.<\/span><\/span><\/label><\/span><\/span><\/span><\/p>\n            <p id=\"recaptcha-checkbox\"><span class=\"tetraeder-form-control-wrap\" data-name=\"captcha\"><span class=\"tetform-form-control tetform-acceptance\"><span class=\"tetraeder-list-item\"><label><input type=\"checkbox\" name=\"captcha\" value=\"1\" aria-invalid=\"false\" onclick=\"enableRecaptcha()\" required><span class=\"tetraeder-list-item-label\"><span>Ich willige ein, dass zum Schutz vor Spam der externe Dienst reCAPTCHA geladen wird. Ich akzeptiere die entsprechende <a href=\"https:\/\/www.google.com\/intl\/de\/policies\/privacy\/\" target=\"_blank\">Datenschutzerkl\u00e4rung<\/a>.<\/span><\/span><\/label><\/span><\/span><\/span><\/p>\n            <div id=\"recaptcha-container\"><\/div><span class=\"tetraeder-not-valid-tip recaptcha-error\" aria-hidden=\"true\">Bitte best\u00e4tigen Sie das ReCaptcha.<\/span>\n            <p><input class=\"tetform-form-control tetform-submit has-spinner\" type=\"submit\" value=\"Nachricht senden\" disabled><\/p>\n        <\/form>\n    <\/div>\n        <script>\n    const acceptance = {\n        all: false,\n        dsgvo: false,\n        angebot: false,\n        captcha: false,\n    };\n\n    const checks = ['dsgvo', 'angebot'];\n    checks.forEach(check => {\n        document.querySelector('input[name=\"' + check + '\"]').addEventListener('click', (event) => {\n            acceptance[check] = event.target.checked;\n            checkAcceptance();\n        });\n    });\n\n    const checkAcceptance = () => {\n        const button = document.querySelector('.tetform-submit');\n        acceptance.all = acceptance.dsgvo && acceptance.angebot && acceptance.captcha;\n\n        if (!acceptance.all) {\n            button.disabled = true;\n            return;\n        }\n\n        button.disabled = false;\n    };\n\n    const loadRecaptcha = () => {\n        const recaptchaScript = document.createElement('script');\n        recaptchaScript.src = \"https:\/\/www.google.com\/recaptcha\/api.js\";\n        recaptchaScript.async = true;\n        recaptchaScript.defer = true;\n        document.body.appendChild(recaptchaScript);\n        acceptance.captcha = true;\n        checkAcceptance();\n\n        setTimeout(function(){\n            grecaptcha.render('recaptcha-container', {\n                'sitekey': '6LfqiF0qAAAAABYbk4YiZvekHjr7iPjlVNOemZ15',\n                'callback': onReCaptchaSuccess\n            });\n        }, 500);\n    };\n\n    const enableRecaptcha = () => {\n        loadRecaptcha();\n        document.getElementById('recaptcha-checkbox').style.display = 'none';\n    };\n\n    const onReCaptchaSuccess = () => {\n        document.querySelector('.recaptcha-error').style.display = 'none';\n    };\n\n    const validateField = fieldName => {\n        const field = document.querySelector('*[name=\"' + fieldName + '\"]');\n        const error = document.querySelector('.' + fieldName + '-error');\n        let isValid;\n\n        switch (fieldName) {\n            case 'your-message':\n            case 'your-email':\n            case 'your-name':\n                isValid = field.value !== \"\";\n                if (isValid) {\n                    error.style.display = 'none';\n                }\n                else {\n                    error.style.display = 'block';\n                }\n                return isValid;\n\n            case 'your-phone':\n                const phonePattern = \/^\\+?[0-9]{7,14}$\/;\n                isValid = !(field.value && !phonePattern.test(field.value));\n                if (isValid) {\n                    error.style.display = 'none';\n                }\n                else {\n                    error.style.display = 'block';\n                }\n                return isValid;\n\n            default:\n                return true;\n        }\n    };\n\n    const validateRecaptcha = () => {\n        if (!acceptance.captcha) {\n            return false;\n        }\n\n        const recaptchaResponse = grecaptcha.getResponse();\n        const recaptchaError = document.querySelector('.recaptcha-error');\n\n        if (recaptchaResponse.length === 0) {\n            recaptchaError.style.display = 'block';\n            return false;\n        } else {\n            recaptchaError.style.display = 'none';\n            return true;\n        }\n    };\n\n    const validate = () => {\n        const validations = ['your-name', 'your-email', 'your-message', 'your-phone'];\n        let valid = true;\n        validations.forEach(field => {\n           valid = validateField(field, valid);\n        });\n        valid = validateRecaptcha();\n        return valid;\n    };\n\n    document.querySelector('input[name=\"your-phone\"]').addEventListener('blur', validate);\n    document.querySelector('input[name=\"your-name\"]').addEventListener('blur', validate);\n    document.querySelector('input[name=\"your-email\"]').addEventListener('blur', validate);\n    document.querySelector('textarea[name=\"your-message\"]').addEventListener('blur', validate);\n\n    document.querySelector('form.tetraeder-form').addEventListener('submit', event => {\n        if (!validate()) {\n            event.preventDefault();\n        }\n    });\n    <\/script>\n    \n<\/div>\n<\/div>\n<\/div>\n","protected":false},"excerpt":{"rendered":"<p>Impressum der enwarp gmbh\u00a0 \u00a0 \u00a0 \u00a0 \u00a0 \u00a0 \u00a0 \u00a0 \u00a0 \u00a0 \u00a0 \u00a0 \u00a0 \u00a0 \u00a0 \u200denwarp gmbh\u200dAm Kai 2244263 Dortmund &nbsp; &nbsp; &nbsp; &nbsp; &nbsp; &nbsp; &nbsp; &nbsp; &nbsp; Handelsregister: HRB 35859Registergericht: AG Dortmund&nbsp; &nbsp; &nbsp; &nbsp; &nbsp; &nbsp; &nbsp; &nbsp; Vertreten durch:Dr.-Ing. Stephan Wilforth Kontakt Telefon: +49 231 1891717Telefax: +49 231 [&hellip;]<\/p>\n","protected":false},"author":1,"featured_media":0,"parent":0,"menu_order":109,"comment_status":"closed","ping_status":"closed","template":"","meta":{"_acf_changed":false,"footnotes":""},"class_list":["post-101","page","type-page","status-publish","hentry"],"acf":[],"yoast_head":"<!-- This site is optimized with the Yoast SEO plugin v27.3 - https:\/\/yoast.com\/product\/yoast-seo-wordpress\/ -->\n<title>enwarp gmbh - impressum<\/title>\n<meta name=\"description\" content=\"Impressum. Am Kai 22, 44263 Dortmund | Telefon: +49 231 1891717 | Telefax: +49 231 1891718 | E-Mail: info@enwarp.io.\" \/>\n<meta name=\"robots\" content=\"index, follow, max-snippet:-1, max-image-preview:large, max-video-preview:-1\" \/>\n<link rel=\"canonical\" href=\"https:\/\/enwarp.io\/de\/impressum\/\" \/>\n<meta property=\"og:locale\" content=\"de_DE\" \/>\n<meta property=\"og:type\" content=\"article\" \/>\n<meta property=\"og:title\" content=\"enwarp gmbh - impressum\" \/>\n<meta property=\"og:description\" content=\"Impressum. Am Kai 22, 44263 Dortmund | Telefon: +49 231 1891717 | Telefax: +49 231 1891718 | E-Mail: info@enwarp.io.\" \/>\n<meta property=\"og:url\" content=\"https:\/\/enwarp.io\/de\/impressum\/\" \/>\n<meta property=\"og:site_name\" content=\"enwarp.io\" \/>\n<meta property=\"article:modified_time\" content=\"2024-10-22T13:58:15+00:00\" \/>\n<meta name=\"twitter:card\" content=\"summary_large_image\" \/>\n<meta name=\"twitter:label1\" content=\"Gesch\u00e4tzte Lesezeit\" \/>\n\t<meta name=\"twitter:data1\" content=\"6\u00a0Minuten\" \/>\n<script type=\"application\/ld+json\" class=\"yoast-schema-graph\">{\"@context\":\"https:\\\/\\\/schema.org\",\"@graph\":[{\"@type\":\"WebPage\",\"@id\":\"https:\\\/\\\/enwarp.io\\\/de\\\/impressum\\\/\",\"url\":\"https:\\\/\\\/enwarp.io\\\/de\\\/impressum\\\/\",\"name\":\"enwarp gmbh - impressum\",\"isPartOf\":{\"@id\":\"https:\\\/\\\/enwarp.io\\\/de\\\/#website\"},\"datePublished\":\"2024-08-09T06:48:37+00:00\",\"dateModified\":\"2024-10-22T13:58:15+00:00\",\"description\":\"Impressum. Am Kai 22, 44263 Dortmund | Telefon: +49 231 1891717 | Telefax: +49 231 1891718 | E-Mail: info@enwarp.io.\",\"breadcrumb\":{\"@id\":\"https:\\\/\\\/enwarp.io\\\/de\\\/impressum\\\/#breadcrumb\"},\"inLanguage\":\"de\",\"potentialAction\":[{\"@type\":\"ReadAction\",\"target\":[\"https:\\\/\\\/enwarp.io\\\/de\\\/impressum\\\/\"]}]},{\"@type\":\"BreadcrumbList\",\"@id\":\"https:\\\/\\\/enwarp.io\\\/de\\\/impressum\\\/#breadcrumb\",\"itemListElement\":[{\"@type\":\"ListItem\",\"position\":1,\"name\":\"Startseite\",\"item\":\"https:\\\/\\\/enwarp.io\\\/de\\\/\"},{\"@type\":\"ListItem\",\"position\":2,\"name\":\"Impressum\"}]},{\"@type\":\"WebSite\",\"@id\":\"https:\\\/\\\/enwarp.io\\\/de\\\/#website\",\"url\":\"https:\\\/\\\/enwarp.io\\\/de\\\/\",\"name\":\"enwarp.io\",\"description\":\"\",\"potentialAction\":[{\"@type\":\"SearchAction\",\"target\":{\"@type\":\"EntryPoint\",\"urlTemplate\":\"https:\\\/\\\/enwarp.io\\\/de\\\/?s={search_term_string}\"},\"query-input\":{\"@type\":\"PropertyValueSpecification\",\"valueRequired\":true,\"valueName\":\"search_term_string\"}}],\"inLanguage\":\"de\"}]}<\/script>\n<!-- \/ Yoast SEO plugin. -->","yoast_head_json":{"title":"enwarp gmbh - impressum","description":"Impressum. Am Kai 22, 44263 Dortmund | Telefon: +49 231 1891717 | Telefax: +49 231 1891718 | E-Mail: info@enwarp.io.","robots":{"index":"index","follow":"follow","max-snippet":"max-snippet:-1","max-image-preview":"max-image-preview:large","max-video-preview":"max-video-preview:-1"},"canonical":"https:\/\/enwarp.io\/de\/impressum\/","og_locale":"de_DE","og_type":"article","og_title":"enwarp gmbh - impressum","og_description":"Impressum. Am Kai 22, 44263 Dortmund | Telefon: +49 231 1891717 | Telefax: +49 231 1891718 | E-Mail: info@enwarp.io.","og_url":"https:\/\/enwarp.io\/de\/impressum\/","og_site_name":"enwarp.io","article_modified_time":"2024-10-22T13:58:15+00:00","twitter_card":"summary_large_image","twitter_misc":{"Gesch\u00e4tzte Lesezeit":"6\u00a0Minuten"},"schema":{"@context":"https:\/\/schema.org","@graph":[{"@type":"WebPage","@id":"https:\/\/enwarp.io\/de\/impressum\/","url":"https:\/\/enwarp.io\/de\/impressum\/","name":"enwarp gmbh - impressum","isPartOf":{"@id":"https:\/\/enwarp.io\/de\/#website"},"datePublished":"2024-08-09T06:48:37+00:00","dateModified":"2024-10-22T13:58:15+00:00","description":"Impressum. Am Kai 22, 44263 Dortmund | Telefon: +49 231 1891717 | Telefax: +49 231 1891718 | E-Mail: info@enwarp.io.","breadcrumb":{"@id":"https:\/\/enwarp.io\/de\/impressum\/#breadcrumb"},"inLanguage":"de","potentialAction":[{"@type":"ReadAction","target":["https:\/\/enwarp.io\/de\/impressum\/"]}]},{"@type":"BreadcrumbList","@id":"https:\/\/enwarp.io\/de\/impressum\/#breadcrumb","itemListElement":[{"@type":"ListItem","position":1,"name":"Startseite","item":"https:\/\/enwarp.io\/de\/"},{"@type":"ListItem","position":2,"name":"Impressum"}]},{"@type":"WebSite","@id":"https:\/\/enwarp.io\/de\/#website","url":"https:\/\/enwarp.io\/de\/","name":"enwarp.io","description":"","potentialAction":[{"@type":"SearchAction","target":{"@type":"EntryPoint","urlTemplate":"https:\/\/enwarp.io\/de\/?s={search_term_string}"},"query-input":{"@type":"PropertyValueSpecification","valueRequired":true,"valueName":"search_term_string"}}],"inLanguage":"de"}]}},"_links":{"self":[{"href":"https:\/\/enwarp.io\/de\/wp-json\/wp\/v2\/pages\/101","targetHints":{"allow":["GET"]}}],"collection":[{"href":"https:\/\/enwarp.io\/de\/wp-json\/wp\/v2\/pages"}],"about":[{"href":"https:\/\/enwarp.io\/de\/wp-json\/wp\/v2\/types\/page"}],"author":[{"embeddable":true,"href":"https:\/\/enwarp.io\/de\/wp-json\/wp\/v2\/users\/1"}],"replies":[{"embeddable":true,"href":"https:\/\/enwarp.io\/de\/wp-json\/wp\/v2\/comments?post=101"}],"version-history":[{"count":5,"href":"https:\/\/enwarp.io\/de\/wp-json\/wp\/v2\/pages\/101\/revisions"}],"predecessor-version":[{"id":1856,"href":"https:\/\/enwarp.io\/de\/wp-json\/wp\/v2\/pages\/101\/revisions\/1856"}],"wp:attachment":[{"href":"https:\/\/enwarp.io\/de\/wp-json\/wp\/v2\/media?parent=101"}],"curies":[{"name":"wp","href":"https:\/\/api.w.org\/{rel}","templated":true}]}}